{"id":3,"date":"2025-07-02T19:35:16","date_gmt":"2025-07-02T17:35:16","guid":{"rendered":"http:\/\/jetzt-tauchen.de\/?page_id=3"},"modified":"2025-11-17T21:20:24","modified_gmt":"2025-11-17T20:20:24","slug":"datenschutzerklaerung","status":"publish","type":"page","link":"https:\/\/feuerwehr-edenbergen.de\/index.php\/datenschutzerklaerung\/","title":{"rendered":"Datenschutzerkl\u00e4rung"},"content":{"rendered":"\n<p>Personenbezogene Daten (nachfolgend zumeist nur \u201eDaten\u201c genannt) werden von uns nur im Rahmen der Erforderlichkeit sowie zum Zwecke der Bereitstellung eines funktionsf\u00e4higen und nutzerfreundlichen Internetauftritts, inklusive seiner Inhalte und der dort angebotenen Leistungen, verarbeitet.<\/p>\n\n\n\n<p>Gem\u00e4\u00df <a href=\"http:\/\/dejure.org\/gesetze\/DSGVO\/4.html\" target=\"_blank\" title=\"Art. 4 DSGVO: Begriffsbestimmungen\">Art. 4 Ziffer 1<\/a>. der Verordnung (EU) 2016\/679, also der Datenschutz-Grundverordnung (nachfolgend nur \u201eDSGVO\u201c genannt), gilt als \u201eVerarbeitung\u201c jeder mit oder ohne Hilfe automatisierter Verfahren ausgef\u00fchrter Vorgang oder jede solche Vorgangsreihe im Zusammenhang mit personenbezogenen Daten, wie das Erheben, das Erfassen, die Organisation, das Ordnen, die Speicherung, die Anpassung oder Ver\u00e4nderung, das Auslesen, das Abfragen, die Verwendung, die Offenlegung durch \u00dcbermittlung, Verbreitung oder eine andere Form der Bereitstellung, den Abgleich oder die Verkn\u00fcpfung, die Einschr\u00e4nkung, das L\u00f6schen oder die Vernichtung.<\/p>\n\n\n\n<p>Mit der nachfolgenden Datenschutzerkl\u00e4rung informieren wir Sie insbesondere \u00fcber Art, Umfang, Zweck, Dauer und Rechtsgrundlage der Verarbeitung personenbezogener Daten, soweit wir entweder allein oder gemeinsam mit anderen \u00fcber die Zwecke und Mittel der Verarbeitung entscheiden. Zudem informieren wir Sie nachfolgend \u00fcber die von uns zu Optimierungszwecken sowie zur Steigerung der Nutzungsqualit\u00e4t eingesetzten Fremdkomponenten, soweit hierdurch Dritte Daten in wiederum eigener Verantwortung verarbeiten.<\/p>\n\n\n\n<p>Unsere Datenschutzerkl\u00e4rung ist wie folgt gegliedert:<\/p>\n\n\n\n<p><strong>I. Informationen \u00fcber uns als Verantwortliche<br>II. Rechte der Nutzer und Betroffenen<br>III. Informationen zur Datenverarbeitung<\/strong><\/p>\n\n\n\n<h3 class=\"wp-block-heading\"><strong>I. Informationen \u00fcber uns als Verantwortliche<\/strong><\/h3>\n\n\n\n<p>Verantwortlicher Anbieter dieses Internetauftritts im datenschutzrechtlichen Sinne ist: <\/p>\n\n\n\n<p>Freiwillige Feuerwehr Edenbergen e.V.<\/p>\n\n\n\n<p><strong>Vertreten durch den Vorstand:<\/strong> Andreas Moser (Vorsitzender)<br>Forstra\u00dfe 2<br>86368 Gersthofen<\/p>\n\n\n\n<p>Telefon: 08230 7008247<br>E-Mail:&nbsp;<a href=\"mailto:info@feuerwehr-edenbergen.de\">info@feuerwehr-edenbergen.de<\/a><\/p>\n\n\n\n<p>Datenschutzbeauftragte\/r beim Anbieter ist:  <\/p>\n\n\n\n<p>Alexander Graf<\/p>\n\n\n\n<p><\/p>\n\n\n\n<h3 class=\"wp-block-heading\"><strong>II. Rechte der Nutzer und Betroffenen<\/strong><\/h3>\n\n\n\n<p>Mit Blick auf die nachfolgend noch n\u00e4her beschriebene Datenverarbeitung haben die Nutzer und Betroffenen das Recht<\/p>\n\n\n\n<ul class=\"wp-block-list\">\n<li>auf Best\u00e4tigung, ob sie betreffende Daten verarbeitet werden, auf Auskunft \u00fcber die verarbeiteten Daten, auf weitere Informationen \u00fcber die Datenverarbeitung sowie auf Kopien der Daten (vgl. auch <a title=\"Art. 15 DSGVO: Auskunftsrecht der betroffenen Person\" href=\"http:\/\/dejure.org\/gesetze\/DSGVO\/15.html\" target=\"_blank\">Art. 15 DSGVO<\/a>);<\/li>\n\n\n\n<li>auf Berichtigung oder Vervollst\u00e4ndigung unrichtiger bzw. unvollst\u00e4ndiger Daten (vgl. auch <a title=\"Art. 16 DSGVO: Recht auf Berichtigung\" href=\"http:\/\/dejure.org\/gesetze\/DSGVO\/16.html\" target=\"_blank\">Art. 16 DSGVO<\/a>);<\/li>\n\n\n\n<li>auf unverz\u00fcgliche L\u00f6schung der sie betreffenden Daten (vgl. auch <a title=\"Art. 17 DSGVO: Recht auf L\u00f6schung (&quot;Recht auf Vergessenwerden&quot;)\" href=\"http:\/\/dejure.org\/gesetze\/DSGVO\/17.html\" target=\"_blank\">Art. 17 DSGVO<\/a>), oder, alternativ, soweit eine weitere Verarbeitung gem\u00e4\u00df <a title=\"Art. 17 DSGVO: Recht auf L\u00f6schung (&quot;Recht auf Vergessenwerden&quot;)\" href=\"http:\/\/dejure.org\/gesetze\/DSGVO\/17.html\" target=\"_blank\">Art. 17 Abs. 3 DSGVO<\/a> erforderlich ist, auf Einschr\u00e4nkung der Verarbeitung nach Ma\u00dfgabe von <a title=\"Art. 18 DSGVO: Recht auf Einschr\u00e4nkung der Verarbeitung\" href=\"http:\/\/dejure.org\/gesetze\/DSGVO\/18.html\" target=\"_blank\">Art. 18 DSGVO<\/a>;<\/li>\n\n\n\n<li>auf Erhalt der sie betreffenden und von ihnen bereitgestellten Daten und auf \u00dcbermittlung dieser Daten an andere Anbieter\/Verantwortliche (vgl. auch <a title=\"Art. 20 DSGVO: Recht auf Daten\u00fcbertragbarkeit\" href=\"http:\/\/dejure.org\/gesetze\/DSGVO\/20.html\" target=\"_blank\">Art. 20 DSGVO<\/a>);<\/li>\n\n\n\n<li>auf Beschwerde gegen\u00fcber der Aufsichtsbeh\u00f6rde, sofern sie der Ansicht sind, dass die sie betreffenden Daten durch den Anbieter unter Versto\u00df gegen datenschutzrechtliche Bestimmungen verarbeitet werden (vgl. auch <a title=\"Art. 77 DSGVO: Recht auf Beschwerde bei einer Aufsichtsbeh\u00f6rde\" href=\"http:\/\/dejure.org\/gesetze\/DSGVO\/77.html\" target=\"_blank\">Art. 77 DSGVO<\/a>).<\/li>\n<\/ul>\n\n\n\n<p>Dar\u00fcber hinaus ist der Anbieter dazu verpflichtet, alle Empf\u00e4nger, denen gegen\u00fcber Daten durch den Anbieter offengelegt worden sind, \u00fcber jedwede Berichtigung oder L\u00f6schung von Daten oder die Einschr\u00e4nkung der Verarbeitung, die aufgrund der <a href=\"http:\/\/dejure.org\/gesetze\/DSGVO\/16.html\" target=\"_blank\" title=\"Art. 16 DSGVO: Recht auf Berichtigung\">Artikel 16<\/a>, <a href=\"http:\/\/dejure.org\/gesetze\/DSGVO\/17.html\" target=\"_blank\" title=\"Art. 17 DSGVO: Recht auf L\u00f6schung (&quot;Recht auf Vergessenwerden&quot;)\">17 Abs. 1<\/a>, <a href=\"http:\/\/dejure.org\/gesetze\/DSGVO\/18.html\" target=\"_blank\" title=\"Art. 18 DSGVO: Recht auf Einschr\u00e4nkung der Verarbeitung\">18 DSGVO<\/a> erfolgt, zu unterrichten. Diese Verpflichtung besteht jedoch nicht, soweit diese Mitteilung unm\u00f6glich oder mit einem unverh\u00e4ltnism\u00e4\u00dfigen Aufwand verbunden ist. Unbeschadet dessen hat der Nutzer ein Recht auf Auskunft \u00fcber diese Empf\u00e4nger.<\/p>\n\n\n\n<p><strong>Ebenfalls haben die Nutzer und Betroffenen nach <a href=\"http:\/\/dejure.org\/gesetze\/DSGVO\/21.html\" target=\"_blank\" title=\"Art. 21 DSGVO: Widerspruchsrecht\">Art. 21 DSGVO<\/a> das Recht auf Widerspruch gegen die k\u00fcnftige Verarbeitung der sie betreffenden Daten, sofern die Daten durch den Anbieter nach Ma\u00dfgabe von <a href=\"http:\/\/dejure.org\/gesetze\/DSGVO\/6.html\" target=\"_blank\" title=\"Art. 6 DSGVO: Rechtm\u00e4\u00dfigkeit der Verarbeitung\">Art. 6 Abs. 1 lit. f) DSGVO<\/a> verarbeitet werden. Insbesondere ist ein Widerspruch gegen die Datenverarbeitung zum Zwecke der Direktwerbung statthaft.<\/strong><\/p>\n\n\n\n<h3 class=\"wp-block-heading\"><strong>III. Informationen zur Datenverarbeitung<\/strong><\/h3>\n\n\n\n<p>Ihre bei Nutzung unseres Internetauftritts verarbeiteten Daten werden gel\u00f6scht oder gesperrt, sobald der Zweck der Speicherung entf\u00e4llt, der L\u00f6schung der Daten keine gesetzlichen Aufbewahrungspflichten entgegenstehen und nachfolgend keine anderslautenden Angaben zu einzelnen Verarbeitungsverfahren gemacht werden.<\/p>\n\n\n\n<h4 class=\"wp-block-heading jet-listing-dynamic-field__content\"><strong>Kontaktanfragen \/ Kontaktm\u00f6glichkeit<\/strong><\/h4>\n\n\n\n<p>Sofern Sie per Kontaktformular oder E-Mail mit uns in Kontakt treten, werden die dabei von Ihnen angegebenen Daten zur Bearbeitung Ihrer Anfrage genutzt. Die Angabe der Daten ist zur Bearbeitung und Beantwortung Ihre Anfrage erforderlich \u2013 ohne deren Bereitstellung k\u00f6nnen wir Ihre Anfrage nicht oder allenfalls eingeschr\u00e4nkt beantworten.<\/p>\n\n\n\n<p>Rechtsgrundlage f\u00fcr diese Verarbeitung ist <a href=\"http:\/\/dejure.org\/gesetze\/DSGVO\/6.html\" target=\"_blank\" title=\"Art. 6 DSGVO: Rechtm\u00e4\u00dfigkeit der Verarbeitung\">Art. 6 Abs. 1 lit. b) DSGVO<\/a>.<\/p>\n\n\n\n<p>Ihre Daten werden gel\u00f6scht, sofern Ihre Anfrage abschlie\u00dfend beantwortet worden ist und der L\u00f6schung keine gesetzlichen Aufbewahrungspflichten entgegenstehen, wie bspw. bei einer sich etwaig anschlie\u00dfenden Vertragsabwicklung.<\/p>\n\n\n\n<h4 class=\"wp-block-heading jet-listing-dynamic-field__content\"><strong>Serverdaten<\/strong><\/h4>\n\n\n\n<p>Aus technischen Gr\u00fcnden, insbesondere zur Gew\u00e4hrleistung eines sicheren und stabilen Internetauftritts, werden Daten durch Ihren Internet-Browser an uns bzw. an unseren Webspace-Provider \u00fcbermittelt. Mit diesen sog. Server-Logfiles werden u.a. Typ und Version Ihres Internetbrowsers, das Betriebssystem, die Website, von der aus Sie auf unseren Internetauftritt gewechselt haben (Referrer URL), die Website(s) unseres Internetauftritts, die Sie besuchen, Datum und Uhrzeit des jeweiligen Zugriffs sowie die IP-Adresse des Internetanschlusses, von dem aus die Nutzung unseres Internetauftritts erfolgt, erhoben.<\/p>\n\n\n\n<p>Diese so erhobenen Daten werden vorr\u00fcbergehend gespeichert, dies jedoch nicht gemeinsam mit anderen Daten von Ihnen.<\/p>\n\n\n\n<p>Diese Speicherung erfolgt auf der Rechtsgrundlage von <a href=\"http:\/\/dejure.org\/gesetze\/DSGVO\/6.html\" target=\"_blank\" title=\"Art. 6 DSGVO: Rechtm\u00e4\u00dfigkeit der Verarbeitung\">Art. 6 Abs. 1 lit. f) DSGVO<\/a>. Unser berechtigtes Interesse liegt in der Verbesserung, Stabilit\u00e4t, Funktionalit\u00e4t und Sicherheit unseres Internetauftritts.<\/p>\n\n\n\n<p>Die Daten werden sp\u00e4testens nach sieben Tage wieder gel\u00f6scht, soweit keine weitere Aufbewahrung zu Beweiszwecken erforderlich ist. Andernfalls sind die Daten bis zur endg\u00fcltigen Kl\u00e4rung eines Vorfalls ganz oder teilweise von der L\u00f6schung ausgenommen.<\/p>\n\n\n\n<h4 class=\"wp-block-heading jet-listing-dynamic-field__content\"><strong>Facebook<\/strong><\/h4>\n\n\n\n<p>Zur Bewerbung unserer Leistungen sowie zur Kommunikation mit Interessenten oder Kunden betreiben wir eine Pr\u00e4senz auf der Plattform Facebook.<\/p>\n\n\n\n<p>Auf dieser Social-Media-Plattform sind wir gemeinsam mit der Meta Platforms Ireland Limited, 4 Grand Canal Square, Dublin 2, Irland, verantwortlich.<\/p>\n\n\n\n<p>Der Datenschutzbeauftragte von Facebook kann \u00fcber ein Kontaktformular erreicht werden:<\/p>\n\n\n\n<p><a href=\"https:\/\/www.facebook.com\/help\/contact\/540977946302970\">https:\/\/www.facebook.com\/help\/contact\/540977946302970<\/a><\/p>\n\n\n\n<p>Die gemeinsame Verantwortlichkeit haben wir in einer Vereinbarung bez\u00fcglich der jeweiligen Verpflichtungen im Sinne der DSGVO geregelt. Diese Vereinbarung, aus der sich die gegenseitigen Verpflichtungen ergeben, ist unter dem folgenden Link abrufbar:<\/p>\n\n\n\n<p><a href=\"https:\/\/www.facebook.com\/legal\/terms\/page_controller_addendum\">https:\/\/www.facebook.com\/legal\/terms\/page_controller_addendum<\/a><\/p>\n\n\n\n<p>Rechtsgrundlage f\u00fcr die dadurch erfolgende und nachfolgend wiedergegebene Verarbeitung von personenbezogenen Daten ist <a title=\"Art. 6 DSGVO: Rechtm\u00e4\u00dfigkeit der Verarbeitung\" href=\"http:\/\/dejure.org\/gesetze\/DSGVO\/6.html\" target=\"_blank\">Art. 6 Abs. 1 lit. f DSGVO<\/a>. Unser berechtigtes Interesse besteht an der Analyse, der Kommunikation sowie dem Absatz und der Bewerbung unserer Leistungen.<\/p>\n\n\n\n<p>Rechtsgrundlage kann auch eine Einwilligung des Nutzers gem\u00e4\u00df <a href=\"http:\/\/dejure.org\/gesetze\/DSGVO\/6.html\" target=\"_blank\" title=\"Art. 6 DSGVO: Rechtm\u00e4\u00dfigkeit der Verarbeitung\">Art. 6 Abs. 1 lit. a DSGVO<\/a> gegen\u00fcber dem Plattformbetreiber sein. Die Einwilligung hierzu kann der Nutzer nach <a href=\"http:\/\/dejure.org\/gesetze\/DSGVO\/7.html\" target=\"_blank\" title=\"Art. 7 DSGVO: Bedingungen f\u00fcr die Einwilligung\">Art. 7 Abs. 3 DSGVO<\/a> jederzeit durch eine Mitteilung an den Plattformbetreiber f\u00fcr die Zukunft widerrufen.<\/p>\n\n\n\n<p>Bei dem Aufruf unseres Onlineauftritts auf der Plattform Facebook werden von der Meta Platforms Ireland Limited als Betreiberin der Plattform in der EU Daten des Nutzers (z.B. pers\u00f6nliche Informationen, IP-Adresse etc.) verarbeitet.<\/p>\n\n\n\n<p>Diese Daten des Nutzers dienen zu statistischen Informationen \u00fcber die Inanspruchnahme unserer Pr\u00e4senz auf Facebook. Die Meta Platforms Ireland Limited nutzt diese Daten zu Marktforschungs- und Werbezwecken sowie zur Erstellung von Profilen der Nutzer. Anhand dieser Profile ist es der Meta Platforms Ireland Limited beispielsweise m\u00f6glich, die Nutzer innerhalb und au\u00dferhalb von Facebook interessenbezogen zu bewerben. Ist der Nutzer zum Zeitpunkt des Aufrufes in seinem Account auf Facebook eingeloggt, kann die Meta Platforms Ireland Limited zudem die Daten mit dem jeweiligen Nutzerkonto verkn\u00fcpfen.<\/p>\n\n\n\n<p>Im Falle einer Kontaktaufnahme des Nutzers \u00fcber Facebook werden die bei dieser Gelegenheit eingegebenen personenbezogenen Daten des Nutzers zur Bearbeitung der Anfrage genutzt. Die Daten des Nutzers werden bei uns gel\u00f6scht, sofern die Anfrage des Nutzers abschlie\u00dfend beantwortet wurde und keine gesetzlichen Aufbewahrungspflichten, wie z.B. bei einer anschlie\u00dfenden Vertragsabwicklung, entgegenstehen.<\/p>\n\n\n\n<p>Zur Verarbeitung der Daten werden von der Meta Platforms Ireland Limited ggf. auch Cookies gesetzt.<\/p>\n\n\n\n<p>Sollte der Nutzer mit dieser Verarbeitung nicht einverstanden sein, so besteht die M\u00f6glichkeit, die Installation der Cookies durch eine entsprechende Einstellung des Browsers zu verhindern. Bereits gespeicherte Cookies k\u00f6nnen ebenfalls jederzeit gel\u00f6scht werden. Die Einstellungen hierzu sind vom jeweiligen Browser abh\u00e4ngig. Bei Flash-Cookies l\u00e4sst sich die Verarbeitung nicht \u00fcber die Einstellungen des Browsers unterbinden, sondern durch die entsprechende Einstellung des Flash-Players. Sollte der Nutzer die Installation der Cookies verhindern oder einschr\u00e4nken, kann dies dazu f\u00fchren, dass nicht s\u00e4mtliche Funktionen von Facebook vollumf\u00e4nglich nutzbar sind.<\/p>\n\n\n\n<p>N\u00e4heres zu den Verarbeitungst\u00e4tigkeiten, deren Unterbindung und zur L\u00f6schung der von Facebook verarbeiteten Daten finden sich in der Datenrichtlinie von Facebook:<\/p>\n\n\n\n<p><a href=\"https:\/\/www.facebook.com\/privacy\/explanation\">https:\/\/www.facebook.com\/privacy\/explanation<\/a><\/p>\n\n\n\n<p>Es ist nicht ausgeschlossen, dass die Verarbeitung durch die Meta Platforms Ireland Limited auch \u00fcber die Meta Platforms, Inc., 1601 Willow Road, Menlo Park, California 94025 in den USA erfolgt.<\/p>\n\n\n\n<h4 class=\"wp-block-heading jet-listing-dynamic-field__content\"><strong>Instagram<\/strong><\/h4>\n\n\n\n<p>Zur Bewerbung unserer Leistungen sowie zur Kommunikation mit Interessenten oder Kunden betreiben wir eine Pr\u00e4senz auf der Plattform Instagram.<\/p>\n\n\n\n<p>Auf dieser Social-Media-Plattform sind wir gemeinsam mit der Meta Platforms Ireland Limited, 4 Grand Canal Square, Dublin 2, Irland, verantwortlich.<\/p>\n\n\n\n<p>Der Datenschutzbeauftragte von Instagram kann \u00fcber ein Kontaktformular erreicht werden:<\/p>\n\n\n\n<p><a href=\"https:\/\/www.facebook.com\/help\/contact\/540977946302970\">https:\/\/www.facebook.com\/help\/contact\/540977946302970<\/a><\/p>\n\n\n\n<p>Die gemeinsame Verantwortlichkeit haben wir in einer Vereinbarung bez\u00fcglich der jeweiligen Verpflichtungen im Sinne der DSGVO geregelt. Diese Vereinbarung, aus der sich die gegenseitigen Verpflichtungen ergeben, ist unter dem folgenden Link abrufbar:<\/p>\n\n\n\n<p><a href=\"https:\/\/www.facebook.com\/legal\/terms\/page_controller_addendum\">https:\/\/www.facebook.com\/legal\/terms\/page_controller_addendum<\/a><\/p>\n\n\n\n<p>Rechtsgrundlage f\u00fcr die dadurch erfolgende und nachfolgend wiedergegebene Verarbeitung von personenbezogenen Daten ist <a title=\"Art. 6 DSGVO: Rechtm\u00e4\u00dfigkeit der Verarbeitung\" href=\"http:\/\/dejure.org\/gesetze\/DSGVO\/6.html\" target=\"_blank\">Art. 6 Abs. 1 lit. f DSGVO<\/a>. Unser berechtigtes Interesse besteht an der Analyse, der Kommunikation sowie dem Absatz und der Bewerbung unserer Leistungen.<\/p>\n\n\n\n<p>Rechtsgrundlage kann auch eine Einwilligung des Nutzers gem\u00e4\u00df <a href=\"http:\/\/dejure.org\/gesetze\/DSGVO\/6.html\" target=\"_blank\" title=\"Art. 6 DSGVO: Rechtm\u00e4\u00dfigkeit der Verarbeitung\">Art. 6 Abs. 1 lit. a DSGVO<\/a> gegen\u00fcber dem Plattformbetreiber sein. Die Einwilligung hierzu kann der Nutzer nach <a href=\"http:\/\/dejure.org\/gesetze\/DSGVO\/7.html\" target=\"_blank\" title=\"Art. 7 DSGVO: Bedingungen f\u00fcr die Einwilligung\">Art. 7 Abs. 3 DSGVO<\/a> jederzeit durch eine Mitteilung an den Plattformbetreiber f\u00fcr die Zukunft widerrufen.<\/p>\n\n\n\n<p>Bei dem Aufruf unseres Onlineauftritts auf der Plattform Instagram werden von der Meta Platforms Ireland Limited als Betreiberin der Plattform in der EU Daten des Nutzers (z.B. pers\u00f6nliche Informationen, IP-Adresse etc.) verarbeitet.<\/p>\n\n\n\n<p>Diese Daten des Nutzers dienen zu statistischen Informationen \u00fcber die Inanspruchnahme unserer Firmenpr\u00e4senz auf Instagram. Die Meta Platforms Ireland Limited nutzt diese Daten zu Marktforschungs- und Werbezwecken sowie zur Erstellung von Profilen der Nutzer. Anhand dieser Profile ist es der Meta Platforms Ireland Limited beispielsweise m\u00f6glich, die Nutzer innerhalb und au\u00dferhalb von Instagram interessenbezogen zu bewerben. Ist der Nutzer zum Zeitpunkt des Aufrufes in seinem Account auf Instagram eingeloggt, kann die Meta Platforms Ireland Limited zudem die Daten mit dem jeweiligen Nutzerkonto verkn\u00fcpfen.<\/p>\n\n\n\n<p>Im Falle einer Kontaktaufnahme des Nutzers \u00fcber Instagram werden die bei dieser Gelegenheit eingegebenen personenbezogenen Daten des Nutzers zur Bearbeitung der Anfrage genutzt. Die Daten des Nutzers werden bei uns gel\u00f6scht, sofern die Anfrage des Nutzers abschlie\u00dfend beantwortet wurde und keine gesetzlichen Aufbewahrungspflichten, wie z.B. bei einer anschlie\u00dfenden Vertragsabwicklung, entgegenstehen.<\/p>\n\n\n\n<p>Zur Verarbeitung der Daten werden von der Meta Platforms Ireland Limited ggf. auch Cookies gesetzt.<\/p>\n\n\n\n<p>Sollte der Nutzer mit dieser Verarbeitung nicht einverstanden sein, so besteht die M\u00f6glichkeit, die Installation der Cookies durch eine entsprechende Einstellung des Browsers zu verhindern. Bereits gespeicherte Cookies k\u00f6nnen ebenfalls jederzeit gel\u00f6scht werden. Die Einstellungen hierzu sind vom jeweiligen Browser abh\u00e4ngig. Bei Flash-Cookies l\u00e4sst sich die Verarbeitung nicht \u00fcber die Einstellungen des Browsers unterbinden, sondern durch die entsprechende Einstellung des Flash-Players. Sollte der Nutzer die Installation der Cookies verhindern oder einschr\u00e4nken, kann dies dazu f\u00fchren, dass nicht s\u00e4mtliche Funktionen von Facebook vollumf\u00e4nglich nutzbar sind.<\/p>\n\n\n\n<p>N\u00e4heres zu den Verarbeitungst\u00e4tigkeiten, deren Unterbindung und zur L\u00f6schung der von Instagram verarbeiteten Daten finden sich in der Datenrichtlinie von Instagram:<\/p>\n\n\n\n<p><a href=\"https:\/\/help.instagram.com\/519522125107875\">https:\/\/help.instagram.com\/519522125107875<\/a><\/p>\n\n\n\n<p>Es ist nicht ausgeschlossen, dass die Verarbeitung durch die Meta Platforms Ireland Limited auch \u00fcber die Meta Platforms, Inc., 1601 Willow Road, Menlo Park, California 94025 in den USA erfolgt.<\/p>\n\n\n\n<p><\/p>\n","protected":false},"excerpt":{"rendered":"<p>Personenbezogene Daten (nachfolgend zumeist nur \u201eDaten\u201c genannt) werden von uns nur im Rahmen der Erforderlichkeit sowie zum Zwecke der Bereitstellung eines funktionsf\u00e4higen und nutzerfreundlichen Internetauftritts, inklusive seiner Inhalte und der dort angebotenen Leistungen, verarbeitet. Gem\u00e4\u00df Art. 4 Ziffer 1. der Verordnung (EU) 2016\/679, also der Datenschutz-Grundverordnung (nachfolgend nur \u201eDSGVO\u201c genannt), gilt als \u201eVerarbeitung\u201c jeder mit [&hellip;]<\/p>\n","protected":false},"author":1,"featured_media":0,"parent":0,"menu_order":0,"comment_status":"closed","ping_status":"open","template":"","meta":{"footnotes":""},"class_list":["post-3","page","type-page","status-publish","hentry"],"jetpack_sharing_enabled":true,"_links":{"self":[{"href":"https:\/\/feuerwehr-edenbergen.de\/index.php\/wp-json\/wp\/v2\/pages\/3","targetHints":{"allow":["GET"]}}],"collection":[{"href":"https:\/\/feuerwehr-edenbergen.de\/index.php\/wp-json\/wp\/v2\/pages"}],"about":[{"href":"https:\/\/feuerwehr-edenbergen.de\/index.php\/wp-json\/wp\/v2\/types\/page"}],"author":[{"embeddable":true,"href":"https:\/\/feuerwehr-edenbergen.de\/index.php\/wp-json\/wp\/v2\/users\/1"}],"replies":[{"embeddable":true,"href":"https:\/\/feuerwehr-edenbergen.de\/index.php\/wp-json\/wp\/v2\/comments?post=3"}],"version-history":[{"count":3,"href":"https:\/\/feuerwehr-edenbergen.de\/index.php\/wp-json\/wp\/v2\/pages\/3\/revisions"}],"predecessor-version":[{"id":987,"href":"https:\/\/feuerwehr-edenbergen.de\/index.php\/wp-json\/wp\/v2\/pages\/3\/revisions\/987"}],"wp:attachment":[{"href":"https:\/\/feuerwehr-edenbergen.de\/index.php\/wp-json\/wp\/v2\/media?parent=3"}],"curies":[{"name":"wp","href":"https:\/\/api.w.org\/{rel}","templated":true}]}}