{"id":487,"date":"2025-09-16T21:06:45","date_gmt":"2025-09-16T19:06:45","guid":{"rendered":"https:\/\/feuerwehr-edenbergen.de\/?page_id=487"},"modified":"2026-04-29T10:06:35","modified_gmt":"2026-04-29T08:06:35","slug":"programm","status":"publish","type":"page","link":"https:\/\/feuerwehr-edenbergen.de\/index.php\/programm\/","title":{"rendered":"Programm"},"content":{"rendered":"\n<div style=\"height:28px\" aria-hidden=\"true\" class=\"wp-block-spacer\"><\/div>\n\n\n\n<div class=\"wp-block-cover alignfull has-aspect-ratio wp-duotone-1c2d4e-abaaaa-4\" style=\"margin-top:0;padding-top:5vw;padding-right:5vw;padding-bottom:5vw;padding-left:5vw;aspect-ratio:auto;min-height:unset;\"><img loading=\"lazy\" decoding=\"async\" width=\"577\" height=\"1024\" class=\"wp-block-cover__image-background wp-image-265 size-large\" alt=\"150 Jahre Feuerwehr Edenbergen 26.06.26-28.06.26\" src=\"https:\/\/feuerwehr-edenbergen.de\/wp-content\/uploads\/2025\/08\/20250531_162707-577x1024.jpg\" style=\"object-position:52% 38%\" data-object-fit=\"cover\" data-object-position=\"52% 38%\" srcset=\"https:\/\/feuerwehr-edenbergen.de\/wp-content\/uploads\/2025\/08\/20250531_162707-577x1024.jpg 577w, https:\/\/feuerwehr-edenbergen.de\/wp-content\/uploads\/2025\/08\/20250531_162707-169x300.jpg 169w, https:\/\/feuerwehr-edenbergen.de\/wp-content\/uploads\/2025\/08\/20250531_162707-768x1364.jpg 768w, https:\/\/feuerwehr-edenbergen.de\/wp-content\/uploads\/2025\/08\/20250531_162707-865x1536.jpg 865w, https:\/\/feuerwehr-edenbergen.de\/wp-content\/uploads\/2025\/08\/20250531_162707-1153x2048.jpg 1153w, https:\/\/feuerwehr-edenbergen.de\/wp-content\/uploads\/2025\/08\/20250531_162707-scaled.jpg 1441w\" sizes=\"auto, (max-width: 577px) 100vw, 577px\" \/><span aria-hidden=\"true\" class=\"wp-block-cover__background has-background-dim-30 has-background-dim\" style=\"background-color:#1c2d4e\"><\/span><div class=\"wp-block-cover__inner-container is-layout-flow wp-container-core-cover-is-layout-5254d72b wp-block-cover-is-layout-flow\">\n<div style=\"height:0px\" aria-hidden=\"true\" class=\"wp-block-spacer\"><\/div>\n\n\n\n<div class=\"wp-block-columns is-layout-flex wp-container-core-columns-is-layout-28f84493 wp-block-columns-is-layout-flex\">\n<div class=\"wp-block-column is-layout-flow wp-block-column-is-layout-flow\" style=\"flex-basis:100%\">\n<div style=\"height:69px\" aria-hidden=\"true\" class=\"wp-block-spacer\"><\/div>\n\n\n\n<div class=\"wp-block-columns is-style-default is-layout-flex wp-container-core-columns-is-layout-294a05b6 wp-block-columns-is-layout-flex\" style=\"margin-top:0;margin-bottom:0;padding-top:0;padding-bottom:0\">\n<div class=\"wp-block-column is-layout-flow wp-block-column-is-layout-flow\" style=\"flex-basis:50%\">\n<h1 class=\"wp-block-heading\" style=\"font-size:clamp(2.2rem, 2.2rem + ((1vw - 0.2rem) * 2.824), 4rem);\"><strong>150 Jahre Freiwillige <\/strong><\/h1>\n\n\n\n<h1 class=\"wp-block-heading\" style=\"font-size:clamp(2.2rem, 2.2rem + ((1vw - 0.2rem) * 2.824), 4rem);\"><strong>Feuerwehr<\/strong> <strong>Edenbergen<\/strong><\/h1>\n<\/div>\n\n\n\n<div class=\"wp-block-column is-layout-flow wp-block-column-is-layout-flow\" style=\"flex-basis:40%\">\n<p class=\"has-text-align-left has-large-font-size\" id=\"block-b7bb5731-1d7f-4919-b979-a08965c5521f\"><strong>Eigentlich feiert die Freiwillige Feuerwehr Edenbergen 2026 schon das 151 j\u00e4hrige Jubil\u00e4um. Aufgrund vieler Feste in der Umgebung feiern wir unser Gr\u00fcndungsfest jedoch schon zum 3. Mal ein Jahr verz\u00f6gert.<\/strong><\/p>\n<\/div>\n<\/div>\n\n\n\n<div style=\"height:69px\" aria-hidden=\"true\" class=\"wp-block-spacer\"><\/div>\n\n\n\n<div style=\"height:23px\" aria-hidden=\"true\" class=\"wp-block-spacer\"><\/div>\n<\/div>\n<\/div>\n\n\n\n<div class=\"wp-block-buttons has-custom-font-size has-x-large-font-size is-content-justification-center is-layout-flex wp-container-core-buttons-is-layout-a89b3969 wp-block-buttons-is-layout-flex\">\n<div class=\"wp-block-button is-style-outline is-style-outline--1\"><a class=\"wp-block-button__link has-accent-6-background-color has-background has-medium-font-size has-custom-font-size wp-element-button\" href=\"https:\/\/feuerwehr-edenbergen.de\/index.php\/festausschuss\/\" style=\"padding-top:var(--wp--preset--spacing--30);padding-right:var(--wp--preset--spacing--70);padding-bottom:var(--wp--preset--spacing--30);padding-left:var(--wp--preset--spacing--70)\"><strong>Festausschuss<\/strong><\/a><\/div>\n\n\n\n<div class=\"wp-block-button is-style-outline is-style-outline--2\"><a class=\"wp-block-button__link has-accent-6-background-color has-background has-medium-font-size has-custom-font-size wp-element-button\" href=\"https:\/\/feuerwehr-edenbergen.de\/index.php\/festdamen\/\" style=\"padding-top:var(--wp--preset--spacing--30);padding-right:var(--wp--preset--spacing--80);padding-bottom:var(--wp--preset--spacing--30);padding-left:var(--wp--preset--spacing--80)\"><strong>Festdamen<\/strong><\/a><\/div>\n\n\n\n<div class=\"wp-block-button is-style-outline is-style-outline--3\"><a class=\"wp-block-button__link has-accent-6-background-color has-background has-medium-font-size has-custom-font-size wp-element-button\" href=\"https:\/\/feuerwehr-edenbergen.de\/index.php\/unsere-sponsoren\/\" style=\"padding-top:var(--wp--preset--spacing--30);padding-right:var(--wp--preset--spacing--70);padding-bottom:var(--wp--preset--spacing--30);padding-left:var(--wp--preset--spacing--70)\"><strong>unsere Sponsoren<\/strong><\/a><\/div>\n<\/div>\n<\/div><\/div>\n\n\n\n<div style=\"height:0px\" aria-hidden=\"true\" class=\"wp-block-spacer\"><\/div>\n\n\n\n<div class=\"wp-block-cover alignfull has-parallax wp-duotone-1c2d4e-abaaaa-5\" style=\"margin-top:0;padding-top:5vw;padding-right:5vw;padding-bottom:5vw;padding-left:5vw\"><div role=\"img\" aria-label=\"Festabzeichen Feuerwehr Edenbergen 2026\" class=\"wp-block-cover__image-background wp-image-269 size-full has-parallax\" style=\"background-position:50% 50%;background-image:url(https:\/\/feuerwehr-edenbergen.de\/wp-content\/uploads\/2025\/08\/20250728_161715-scaled.jpg)\"><\/div><span aria-hidden=\"true\" class=\"wp-block-cover__background has-background-dim-40 has-background-dim\" style=\"background-color:#1c2d4e\"><\/span><div class=\"wp-block-cover__inner-container has-global-padding is-layout-constrained wp-container-core-cover-is-layout-832bbb0f wp-block-cover-is-layout-constrained\">\n<div style=\"height:25px\" aria-hidden=\"true\" class=\"wp-block-spacer\"><\/div>\n\n\n\n<h2 class=\"wp-block-heading has-text-align-center\" style=\"padding-top:0;padding-right:0;padding-bottom:0;padding-left:0;font-size:clamp(2.066rem, 2.066rem + ((1vw - 0.2rem) * 2.563), 3.7rem);\"><strong>Feuerwehrfest vom<\/strong><\/h2>\n\n\n\n<p class=\"has-text-align-center\" style=\"font-size:clamp(1.837rem, 1.837rem + ((1vw - 0.2rem) * 2.138), 3.2rem);\"><strong>26.-28. Juni 2026<\/strong><\/p>\n\n\n\n<div style=\"height:106px\" aria-hidden=\"true\" class=\"wp-block-spacer\"><\/div>\n\n\n\n<div class=\"wp-block-columns alignwide are-vertically-aligned-center is-layout-flex wp-container-core-columns-is-layout-643ced6b wp-block-columns-is-layout-flex\">\n<div class=\"wp-block-column is-vertically-aligned-center is-layout-flow wp-block-column-is-layout-flow\">\n<figure class=\"wp-block-image aligncenter size-full has-custom-border\"><img loading=\"lazy\" decoding=\"async\" width=\"800\" height=\"533\" src=\"https:\/\/feuerwehr-edenbergen.de\/wp-content\/uploads\/2026\/02\/Bockstark.jpg\" alt=\"BockStark\" class=\"wp-image-1198\" style=\"border-top-left-radius:150px;border-bottom-right-radius:150px;aspect-ratio:1;object-fit:cover\" srcset=\"https:\/\/feuerwehr-edenbergen.de\/wp-content\/uploads\/2026\/02\/Bockstark.jpg 800w, https:\/\/feuerwehr-edenbergen.de\/wp-content\/uploads\/2026\/02\/Bockstark-300x200.jpg 300w, https:\/\/feuerwehr-edenbergen.de\/wp-content\/uploads\/2026\/02\/Bockstark-768x512.jpg 768w\" sizes=\"auto, (max-width: 800px) 100vw, 800px\" \/><\/figure>\n<\/div>\n\n\n\n<div class=\"wp-block-column is-vertically-aligned-center is-layout-flow wp-block-column-is-layout-flow\">\n<p class=\"has-text-align-center is-style-default has-base-color has-accent-6-background-color has-text-color has-background has-link-color wp-elements-1fe8fc56ed25bcec50df64337272a875\" style=\"padding-top:var(--wp--preset--spacing--20);padding-bottom:var(--wp--preset--spacing--20);font-size:clamp(1.551rem, 1.551rem + ((1vw - 0.2rem) * 1.645), 2.6rem);\"><strong>Freitag 26.06.2026<\/strong><\/p>\n\n\n\n<div class=\"wp-block-columns is-layout-flex wp-container-core-columns-is-layout-28f84493 wp-block-columns-is-layout-flex\">\n<div class=\"wp-block-column is-layout-flow wp-block-column-is-layout-flow\" style=\"flex-basis:33.33%\">\n<p class=\"has-x-large-font-size\"><strong>ab 17:00 Uhr<\/strong><\/p>\n<\/div>\n\n\n\n<div class=\"wp-block-column is-layout-flow wp-block-column-is-layout-flow\" style=\"flex-basis:66.66%\">\n<p class=\"has-x-large-font-size\"><strong>Er\u00f6ffnung mit Fassantisch<\/strong><\/p>\n\n\n\n<p class=\"has-medium-font-size\">mit den Edenberger Musikanten<\/p>\n<\/div>\n<\/div>\n\n\n\n<div class=\"wp-block-columns is-layout-flex wp-container-core-columns-is-layout-28f84493 wp-block-columns-is-layout-flex\">\n<div class=\"wp-block-column is-layout-flow wp-block-column-is-layout-flow\" style=\"flex-basis:33.33%\">\n<p class=\"has-x-large-font-size\"><strong>ab 19:00 Uhr<\/strong><\/p>\n<\/div>\n\n\n\n<div class=\"wp-block-column is-layout-flow wp-block-column-is-layout-flow\" style=\"flex-basis:66.66%\">\n<p class=\"has-x-large-font-size\"><strong>Brassabend<\/strong> <\/p>\n\n\n\n<p class=\"has-medium-font-size\">mit BockStark<\/p>\n\n\n\n<figure class=\"wp-block-image aligncenter size-large is-resized\"><img loading=\"lazy\" decoding=\"async\" width=\"1024\" height=\"664\" src=\"https:\/\/feuerwehr-edenbergen.de\/wp-content\/uploads\/2026\/02\/BockStark_Logo_weiss-1024x664.png\" alt=\"BockStark\" class=\"wp-image-1200\" style=\"aspect-ratio:1.5421979356405586;width:277px;height:auto\" srcset=\"https:\/\/feuerwehr-edenbergen.de\/wp-content\/uploads\/2026\/02\/BockStark_Logo_weiss-1024x664.png 1024w, https:\/\/feuerwehr-edenbergen.de\/wp-content\/uploads\/2026\/02\/BockStark_Logo_weiss-300x195.png 300w, https:\/\/feuerwehr-edenbergen.de\/wp-content\/uploads\/2026\/02\/BockStark_Logo_weiss-768x498.png 768w, https:\/\/feuerwehr-edenbergen.de\/wp-content\/uploads\/2026\/02\/BockStark_Logo_weiss-1536x996.png 1536w, https:\/\/feuerwehr-edenbergen.de\/wp-content\/uploads\/2026\/02\/BockStark_Logo_weiss-2048x1328.png 2048w\" sizes=\"auto, (max-width: 1024px) 100vw, 1024px\" \/><\/figure>\n<\/div>\n<\/div>\n\n\n\n<div class=\"wp-block-columns is-layout-flex wp-container-core-columns-is-layout-28f84493 wp-block-columns-is-layout-flex\">\n<div class=\"wp-block-column is-layout-flow wp-block-column-is-layout-flow\" style=\"flex-basis:33.33%\">\n<p class=\"has-x-large-font-size\"><strong>um 22:45 Uhr<\/strong><\/p>\n\n\n\n<p class=\"has-x-large-font-size\"><strong>ab 23:00 Uhr<\/strong><\/p>\n<\/div>\n\n\n\n<div class=\"wp-block-column is-layout-flow wp-block-column-is-layout-flow\" style=\"flex-basis:66.66%\">\n<p class=\"has-text-color has-link-color has-x-large-font-size wp-elements-65e020b2a6fa4b0c733f4630a06f63a9\" style=\"color:#ed2727\"><strong>gro\u00dfes Feuerwerk<\/strong><\/p>\n\n\n\n<p class=\"has-x-large-font-size\"><strong>Aftershow-Party<\/strong><\/p>\n<\/div>\n<\/div>\n<\/div>\n<\/div>\n\n\n\n<div style=\"height:201px\" aria-hidden=\"true\" class=\"wp-block-spacer\"><\/div>\n\n\n\n<div class=\"wp-block-columns alignwide are-vertically-aligned-center is-layout-flex wp-container-core-columns-is-layout-643ced6b wp-block-columns-is-layout-flex\">\n<div class=\"wp-block-column is-vertically-aligned-center is-layout-flow wp-block-column-is-layout-flow\">\n<figure class=\"wp-block-image aligncenter size-full has-custom-border\"><img loading=\"lazy\" decoding=\"async\" width=\"1425\" height=\"2016\" src=\"https:\/\/feuerwehr-edenbergen.de\/wp-content\/uploads\/2026\/02\/1000142540-edited.png\" alt=\"\" class=\"wp-image-1210\" style=\"border-top-left-radius:150px;border-bottom-right-radius:150px;aspect-ratio:1;object-fit:cover\" srcset=\"https:\/\/feuerwehr-edenbergen.de\/wp-content\/uploads\/2026\/02\/1000142540-edited.png 1425w, https:\/\/feuerwehr-edenbergen.de\/wp-content\/uploads\/2026\/02\/1000142540-edited-212x300.png 212w, https:\/\/feuerwehr-edenbergen.de\/wp-content\/uploads\/2026\/02\/1000142540-edited-724x1024.png 724w, https:\/\/feuerwehr-edenbergen.de\/wp-content\/uploads\/2026\/02\/1000142540-edited-768x1087.png 768w, https:\/\/feuerwehr-edenbergen.de\/wp-content\/uploads\/2026\/02\/1000142540-edited-1086x1536.png 1086w\" sizes=\"auto, (max-width: 1425px) 100vw, 1425px\" \/><\/figure>\n<\/div>\n\n\n\n<div class=\"wp-block-column is-vertically-aligned-center is-layout-flow wp-block-column-is-layout-flow\">\n<p class=\"has-text-align-center is-style-default has-base-color has-accent-6-background-color has-text-color has-background has-link-color wp-elements-b4a2126298b81316fb47c771fd741d4e\" style=\"padding-top:var(--wp--preset--spacing--20);padding-bottom:var(--wp--preset--spacing--20);font-size:clamp(1.551rem, 1.551rem + ((1vw - 0.2rem) * 1.645), 2.6rem);\"><strong>Samstag 27.06.2026<\/strong><\/p>\n\n\n\n<div class=\"wp-block-columns is-layout-flex wp-container-core-columns-is-layout-28f84493 wp-block-columns-is-layout-flex\">\n<div class=\"wp-block-column is-layout-flow wp-block-column-is-layout-flow\" style=\"flex-basis:33.33%\">\n<p class=\"has-x-large-font-size\"><strong>ab 14:00 Uhr<\/strong><\/p>\n<\/div>\n\n\n\n<div class=\"wp-block-column is-layout-flow wp-block-column-is-layout-flow\" style=\"flex-basis:66.66%\">\n<p class=\"has-x-large-font-size\"><strong>Buntes Programm<\/strong><\/p>\n\n\n\n<p class=\"has-medium-font-size\">Blaulichtmeile, Kinderprogramm, Mitmachfilm<\/p>\n<\/div>\n<\/div>\n\n\n\n<div class=\"wp-block-columns is-layout-flex wp-container-core-columns-is-layout-28f84493 wp-block-columns-is-layout-flex\">\n<div class=\"wp-block-column is-layout-flow wp-block-column-is-layout-flow\" style=\"flex-basis:33.33%\">\n<p class=\"has-x-large-font-size\"><strong>ab 15:00 Uhr<\/strong><\/p>\n<\/div>\n\n\n\n<div class=\"wp-block-column is-layout-flow wp-block-column-is-layout-flow\" style=\"flex-basis:66.66%\">\n<p class=\"has-x-large-font-size\"><strong>Bierzeltnachmittag<\/strong> <\/p>\n\n\n\n<p class=\"has-medium-font-size\">mit den Edenberger Musikanten<\/p>\n\n\n\n<p class=\"has-text-color has-link-color has-x-large-font-size wp-elements-ed623d2b312f25fac1a0b8dc8de7e7b4\" style=\"color:#ee2d2d\"><strong>Zeltmeisterschaft<\/strong><\/p>\n<\/div>\n<\/div>\n\n\n\n<div class=\"wp-block-columns is-layout-flex wp-container-core-columns-is-layout-28f84493 wp-block-columns-is-layout-flex\">\n<div class=\"wp-block-column is-layout-flow wp-block-column-is-layout-flow\" style=\"flex-basis:33.33%\">\n<p class=\"has-x-large-font-size\"><strong>ab 19:00 Uhr<\/strong><\/p>\n<\/div>\n\n\n\n<div class=\"wp-block-column is-layout-flow wp-block-column-is-layout-flow\" style=\"flex-basis:66.66%\">\n<p class=\"has-x-large-font-size\"><strong>Ab geht&#8217;s<\/strong><\/p>\n\n\n\n<p class=\"has-medium-font-size\">mit DJ Bartho<\/p>\n\n\n\n<figure class=\"wp-block-image size-large is-resized\"><img loading=\"lazy\" decoding=\"async\" width=\"1024\" height=\"388\" src=\"https:\/\/feuerwehr-edenbergen.de\/wp-content\/uploads\/2026\/02\/1000133067-1024x388.png\" alt=\"\" class=\"wp-image-1212\" style=\"aspect-ratio:2.639314793274823;width:232px;height:auto\" srcset=\"https:\/\/feuerwehr-edenbergen.de\/wp-content\/uploads\/2026\/02\/1000133067-1024x388.png 1024w, https:\/\/feuerwehr-edenbergen.de\/wp-content\/uploads\/2026\/02\/1000133067-300x114.png 300w, https:\/\/feuerwehr-edenbergen.de\/wp-content\/uploads\/2026\/02\/1000133067-768x291.png 768w, https:\/\/feuerwehr-edenbergen.de\/wp-content\/uploads\/2026\/02\/1000133067-1536x582.png 1536w, https:\/\/feuerwehr-edenbergen.de\/wp-content\/uploads\/2026\/02\/1000133067-2048x776.png 2048w\" sizes=\"auto, (max-width: 1024px) 100vw, 1024px\" \/><\/figure>\n<\/div>\n<\/div>\n\n\n\n<div style=\"height:19px\" aria-hidden=\"true\" class=\"wp-block-spacer\"><\/div>\n\n\n\n<div class=\"wp-block-columns is-layout-flex wp-container-core-columns-is-layout-28f84493 wp-block-columns-is-layout-flex\">\n<div class=\"wp-block-column is-layout-flow wp-block-column-is-layout-flow\" style=\"flex-basis:33.33%\">\n<p class=\"has-x-large-font-size\"><strong>ab 20:00 Uhr<\/strong><\/p>\n<\/div>\n\n\n\n<div class=\"wp-block-column is-layout-flow wp-block-column-is-layout-flow\" style=\"flex-basis:66.66%\">\n<p class=\"has-x-large-font-size\"><strong>Partyalarm<\/strong><\/p>\n\n\n\n<p class=\"has-medium-font-size\">mit S.O.S.<\/p>\n\n\n\n<figure class=\"wp-block-image size-large is-resized\"><img loading=\"lazy\" decoding=\"async\" width=\"1024\" height=\"674\" src=\"https:\/\/feuerwehr-edenbergen.de\/wp-content\/uploads\/2026\/02\/1000142543-1024x674.png\" alt=\"S.O.S Partalarm\" class=\"wp-image-1214\" style=\"aspect-ratio:1.5193571950328708;width:299px;height:auto\" srcset=\"https:\/\/feuerwehr-edenbergen.de\/wp-content\/uploads\/2026\/02\/1000142543-1024x674.png 1024w, https:\/\/feuerwehr-edenbergen.de\/wp-content\/uploads\/2026\/02\/1000142543-300x198.png 300w, https:\/\/feuerwehr-edenbergen.de\/wp-content\/uploads\/2026\/02\/1000142543-768x506.png 768w, https:\/\/feuerwehr-edenbergen.de\/wp-content\/uploads\/2026\/02\/1000142543-1536x1011.png 1536w, https:\/\/feuerwehr-edenbergen.de\/wp-content\/uploads\/2026\/02\/1000142543-2048x1348.png 2048w\" sizes=\"auto, (max-width: 1024px) 100vw, 1024px\" \/><\/figure>\n<\/div>\n<\/div>\n\n\n\n<div style=\"height:19px\" aria-hidden=\"true\" class=\"wp-block-spacer\"><\/div>\n\n\n\n<div class=\"wp-block-columns is-layout-flex wp-container-core-columns-is-layout-28f84493 wp-block-columns-is-layout-flex\">\n<div class=\"wp-block-column is-layout-flow wp-block-column-is-layout-flow\" style=\"flex-basis:33.33%\">\n<p class=\"has-x-large-font-size\">ab 00:30 Uhr<\/p>\n<\/div>\n\n\n\n<div class=\"wp-block-column is-layout-flow wp-block-column-is-layout-flow\" style=\"flex-basis:66.66%\">\n<p class=\"has-x-large-font-size\">Aftershow-Party<\/p>\n\n\n\n<p class=\"has-medium-font-size\">mit DJ Bartho<\/p>\n\n\n\n<figure class=\"wp-block-image size-large is-resized\"><img loading=\"lazy\" decoding=\"async\" width=\"1024\" height=\"388\" src=\"https:\/\/feuerwehr-edenbergen.de\/wp-content\/uploads\/2026\/02\/1000133067-1024x388.png\" alt=\"\" class=\"wp-image-1212\" style=\"aspect-ratio:2.639314793274823;width:236px;height:auto\" srcset=\"https:\/\/feuerwehr-edenbergen.de\/wp-content\/uploads\/2026\/02\/1000133067-1024x388.png 1024w, https:\/\/feuerwehr-edenbergen.de\/wp-content\/uploads\/2026\/02\/1000133067-300x114.png 300w, https:\/\/feuerwehr-edenbergen.de\/wp-content\/uploads\/2026\/02\/1000133067-768x291.png 768w, https:\/\/feuerwehr-edenbergen.de\/wp-content\/uploads\/2026\/02\/1000133067-1536x582.png 1536w, https:\/\/feuerwehr-edenbergen.de\/wp-content\/uploads\/2026\/02\/1000133067-2048x776.png 2048w\" sizes=\"auto, (max-width: 1024px) 100vw, 1024px\" \/><\/figure>\n<\/div>\n<\/div>\n\n\n\n<div class=\"wp-block-columns is-layout-flex wp-container-core-columns-is-layout-28f84493 wp-block-columns-is-layout-flex\">\n<div class=\"wp-block-column is-layout-flow wp-block-column-is-layout-flow\" style=\"flex-basis:33.33%\"><\/div>\n\n\n\n<div class=\"wp-block-column is-layout-flow wp-block-column-is-layout-flow\" style=\"flex-basis:66.66%\"><\/div>\n<\/div>\n<\/div>\n<\/div>\n\n\n\n<div style=\"height:222px\" aria-hidden=\"true\" class=\"wp-block-spacer\"><\/div>\n\n\n\n<div class=\"wp-block-columns alignwide are-vertically-aligned-center is-layout-flex wp-container-core-columns-is-layout-643ced6b wp-block-columns-is-layout-flex\">\n<div class=\"wp-block-column is-vertically-aligned-center is-layout-flow wp-block-column-is-layout-flow\">\n<figure class=\"wp-block-image aligncenter size-full has-custom-border\"><img loading=\"lazy\" decoding=\"async\" width=\"1920\" height=\"2560\" src=\"https:\/\/feuerwehr-edenbergen.de\/wp-content\/uploads\/2026\/02\/IMG-20250720-WA0028-edited-scaled.jpg\" alt=\"Fahneneinzug\" class=\"wp-image-1197\" style=\"border-top-left-radius:150px;border-bottom-right-radius:150px;aspect-ratio:1;object-fit:cover\" srcset=\"https:\/\/feuerwehr-edenbergen.de\/wp-content\/uploads\/2026\/02\/IMG-20250720-WA0028-edited-scaled.jpg 1920w, https:\/\/feuerwehr-edenbergen.de\/wp-content\/uploads\/2026\/02\/IMG-20250720-WA0028-edited-225x300.jpg 225w, https:\/\/feuerwehr-edenbergen.de\/wp-content\/uploads\/2026\/02\/IMG-20250720-WA0028-edited-768x1024.jpg 768w, https:\/\/feuerwehr-edenbergen.de\/wp-content\/uploads\/2026\/02\/IMG-20250720-WA0028-edited-1152x1536.jpg 1152w, https:\/\/feuerwehr-edenbergen.de\/wp-content\/uploads\/2026\/02\/IMG-20250720-WA0028-edited-1536x2048.jpg 1536w\" sizes=\"auto, (max-width: 1920px) 100vw, 1920px\" \/><\/figure>\n<\/div>\n\n\n\n<div class=\"wp-block-column is-vertically-aligned-center is-layout-flow wp-block-column-is-layout-flow\">\n<p class=\"has-text-align-center is-style-default has-base-color has-accent-6-background-color has-text-color has-background has-link-color wp-elements-d5ba22a6fe61c2842d30e1b3b8b10e6d\" style=\"padding-top:var(--wp--preset--spacing--20);padding-bottom:var(--wp--preset--spacing--20);font-size:clamp(1.551rem, 1.551rem + ((1vw - 0.2rem) * 1.645), 2.6rem);\"><strong>Sonntag 28.06.2026<\/strong><\/p>\n\n\n\n<div class=\"wp-block-columns is-layout-flex wp-container-core-columns-is-layout-28f84493 wp-block-columns-is-layout-flex\">\n<div class=\"wp-block-column is-layout-flow wp-block-column-is-layout-flow\" style=\"flex-basis:33.33%\">\n<p class=\"has-x-large-font-size\"><strong>ab 08:00 Uhr<\/strong><\/p>\n<\/div>\n\n\n\n<div class=\"wp-block-column is-layout-flow wp-block-column-is-layout-flow\" style=\"flex-basis:66.66%\">\n<p class=\"has-x-large-font-size\"><strong>Wei\u00dfwurstfr\u00fchst\u00fcck<\/strong><\/p>\n\n\n\n<p class=\"has-medium-font-size\">mit dem Musikverein Batzenhofen<\/p>\n<\/div>\n<\/div>\n\n\n\n<div class=\"wp-block-columns is-layout-flex wp-container-core-columns-is-layout-28f84493 wp-block-columns-is-layout-flex\">\n<div class=\"wp-block-column is-layout-flow wp-block-column-is-layout-flow\" style=\"flex-basis:33.33%\">\n<p class=\"has-x-large-font-size\"><strong>um 10:00 Uhr<\/strong><\/p>\n<\/div>\n\n\n\n<div class=\"wp-block-column is-layout-flow wp-block-column-is-layout-flow\" style=\"flex-basis:66.66%\">\n<p class=\"has-x-large-font-size\"><strong>Festgottesdienst<\/strong> <\/p>\n<\/div>\n<\/div>\n\n\n\n<div class=\"wp-block-columns is-layout-flex wp-container-core-columns-is-layout-28f84493 wp-block-columns-is-layout-flex\">\n<div class=\"wp-block-column is-layout-flow wp-block-column-is-layout-flow\" style=\"flex-basis:33.33%\">\n<p class=\"has-x-large-font-size\"><strong>ab 11:30 Uhr<\/strong><\/p>\n<\/div>\n\n\n\n<div class=\"wp-block-column is-layout-flow wp-block-column-is-layout-flow\" style=\"flex-basis:66.66%\">\n<p class=\"has-x-large-font-size\"><strong>Mittagstisch<\/strong><\/p>\n\n\n\n<p class=\"has-medium-font-size\">mit der Trachtenkapelle Hirblingen<\/p>\n<\/div>\n<\/div>\n\n\n\n<div class=\"wp-block-columns is-layout-flex wp-container-core-columns-is-layout-28f84493 wp-block-columns-is-layout-flex\">\n<div class=\"wp-block-column is-layout-flow wp-block-column-is-layout-flow\" style=\"flex-basis:33.33%\">\n<p class=\"has-x-large-font-size\">um 14:00 Uhr<\/p>\n<\/div>\n\n\n\n<div class=\"wp-block-column is-layout-flow wp-block-column-is-layout-flow\" style=\"flex-basis:66.66%\">\n<p class=\"has-x-large-font-size\">Aufstellung Festumzug<\/p>\n\n\n\n<p class=\"has-medium-font-size\"><\/p>\n<\/div>\n<\/div>\n\n\n\n<div class=\"wp-block-columns is-layout-flex wp-container-core-columns-is-layout-28f84493 wp-block-columns-is-layout-flex\">\n<div class=\"wp-block-column is-layout-flow wp-block-column-is-layout-flow\" style=\"flex-basis:33.33%\">\n<p class=\"has-x-large-font-size\"><strong>um 14:30 Uhr<\/strong><\/p>\n<\/div>\n\n\n\n<div class=\"wp-block-column is-layout-flow wp-block-column-is-layout-flow\" style=\"flex-basis:66.66%\">\n<p class=\"has-text-color has-link-color has-x-large-font-size wp-elements-0903051f598e1a6add12a931eb969fcd\" style=\"color:#ee2d2d\">Festumzug<\/p>\n<\/div>\n<\/div>\n\n\n\n<div class=\"wp-block-columns is-layout-flex wp-container-core-columns-is-layout-28f84493 wp-block-columns-is-layout-flex\">\n<div class=\"wp-block-column is-layout-flow wp-block-column-is-layout-flow\" style=\"flex-basis:33.33%\">\n<p class=\"has-x-large-font-size\"><strong>ab 16:00 Uhr<\/strong><\/p>\n<\/div>\n\n\n\n<div class=\"wp-block-column is-layout-flow wp-block-column-is-layout-flow\" style=\"flex-basis:66.66%\">\n<p class=\"has-x-large-font-size\"><strong>Fahneneinzug<\/strong><\/p>\n\n\n\n<p class=\"has-medium-font-size\">mit der Trachtenkapelle Hirblingen<\/p>\n<\/div>\n<\/div>\n\n\n\n<div class=\"wp-block-columns is-layout-flex wp-container-core-columns-is-layout-28f84493 wp-block-columns-is-layout-flex\">\n<div class=\"wp-block-column is-layout-flow wp-block-column-is-layout-flow\" style=\"flex-basis:33.33%\">\n<p class=\"has-x-large-font-size\">ab 17:30 Uhr<\/p>\n<\/div>\n\n\n\n<div class=\"wp-block-column is-layout-flow wp-block-column-is-layout-flow\" style=\"flex-basis:66.66%\">\n<p class=\"has-x-large-font-size\"><strong>Festausklang<\/strong><\/p>\n\n\n\n<p class=\"has-medium-font-size\"><strong>mit Griabig Gm\u00fctlich<\/strong><\/p>\n<\/div>\n<\/div>\n<\/div>\n<\/div>\n<\/div><\/div>\n\n\n\n<h2 class=\"wp-block-heading alignwide has-text-align-center has-x-large-font-size\">Festordnung<\/h2>\n\n\n\n<div class=\"wp-block-file\"><a id=\"wp-block-file--media-1b90e57d-141b-469f-839b-4bc75bdadb63\" href=\"https:\/\/feuerwehr-edenbergen.de\/wp-content\/uploads\/2025\/11\/Festordnung.pdf\" target=\"_blank\" rel=\"noreferrer noopener\">Festordnung<\/a><a href=\"https:\/\/feuerwehr-edenbergen.de\/wp-content\/uploads\/2025\/11\/Festordnung.pdf\" class=\"wp-block-file__button wp-element-button\" download aria-describedby=\"wp-block-file--media-1b90e57d-141b-469f-839b-4bc75bdadb63\">Herunterladen<\/a><\/div>\n\n\n\n<p><\/p>\n","protected":false},"excerpt":{"rendered":"<p>Festordnung<\/p>\n","protected":false},"author":4,"featured_media":0,"parent":0,"menu_order":0,"comment_status":"closed","ping_status":"closed","template":"","meta":{"footnotes":""},"class_list":["post-487","page","type-page","status-publish","hentry"],"jetpack_sharing_enabled":true,"_links":{"self":[{"href":"https:\/\/feuerwehr-edenbergen.de\/index.php\/wp-json\/wp\/v2\/pages\/487","targetHints":{"allow":["GET"]}}],"collection":[{"href":"https:\/\/feuerwehr-edenbergen.de\/index.php\/wp-json\/wp\/v2\/pages"}],"about":[{"href":"https:\/\/feuerwehr-edenbergen.de\/index.php\/wp-json\/wp\/v2\/types\/page"}],"author":[{"embeddable":true,"href":"https:\/\/feuerwehr-edenbergen.de\/index.php\/wp-json\/wp\/v2\/users\/4"}],"replies":[{"embeddable":true,"href":"https:\/\/feuerwehr-edenbergen.de\/index.php\/wp-json\/wp\/v2\/comments?post=487"}],"version-history":[{"count":43,"href":"https:\/\/feuerwehr-edenbergen.de\/index.php\/wp-json\/wp\/v2\/pages\/487\/revisions"}],"predecessor-version":[{"id":1356,"href":"https:\/\/feuerwehr-edenbergen.de\/index.php\/wp-json\/wp\/v2\/pages\/487\/revisions\/1356"}],"wp:attachment":[{"href":"https:\/\/feuerwehr-edenbergen.de\/index.php\/wp-json\/wp\/v2\/media?parent=487"}],"curies":[{"name":"wp","href":"https:\/\/api.w.org\/{rel}","templated":true}]}}