{"id":515,"date":"2025-09-16T21:14:09","date_gmt":"2025-09-16T19:14:09","guid":{"rendered":"https:\/\/feuerwehr-edenbergen.de\/?page_id=515"},"modified":"2025-09-23T17:32:15","modified_gmt":"2025-09-23T15:32:15","slug":"verein","status":"publish","type":"page","link":"https:\/\/feuerwehr-edenbergen.de\/index.php\/verein\/","title":{"rendered":"Verein"},"content":{"rendered":"\n<div style=\"height:21px\" aria-hidden=\"true\" class=\"wp-block-spacer\"><\/div>\n\n\n\n<div class=\"wp-block-cover alignfull has-parallax wp-duotone-1c2d4e-abaaaa-1\" style=\"margin-top:0;padding-top:5vw;padding-right:5vw;padding-bottom:5vw;padding-left:5vw;min-height:1252px;aspect-ratio:unset;\"><div role=\"img\" aria-label=\"Maibaum Feuerwehr Edenbergen\" class=\"wp-block-cover__image-background wp-image-321 size-large has-parallax\" style=\"background-position:50% 50%;background-image:url(https:\/\/feuerwehr-edenbergen.de\/wp-content\/uploads\/2025\/08\/Maibaum-Feuerwehr-Edenbergen-768x1024.jpg)\"><\/div><span aria-hidden=\"true\" class=\"wp-block-cover__background has-background-dim-60 has-background-dim\" style=\"background-color:#1c2d4e\"><\/span><div class=\"wp-block-cover__inner-container is-layout-flow wp-block-cover-is-layout-flow\">\n<p class=\"has-background has-large-font-size\" style=\"background-color:#1c2d4e\"><strong>Der Feuerwehrverein ist das R\u00fcckgrat unseres Dorflebens. In einem Ort, in dem es nur wenige andere Treffpunkte gibt, ist es oft die Freiwillige Feuerwehr, die Menschen zusammenbringt. &nbsp;Sie schafft Raum f\u00fcr Begegnung, und Gemeinschaft. Ohne sie g\u00e4be es viele unserer Feste und Traditionen nicht \u2013 und damit auch ein gro\u00dfes St\u00fcck Dorfgemeinschaft weniger. Wir sind nicht nur eine Einsatztruppe \u2013 wir sind ein lebendiger Teil unseres Dorfes.<\/strong><\/p>\n\n\n\n<div style=\"height:79px\" aria-hidden=\"true\" class=\"wp-block-spacer\"><\/div>\n\n\n\n<div class=\"wp-block-media-text is-stacked-on-mobile has-accent-6-background-color has-background\" style=\"grid-template-columns:25% auto\"><figure class=\"wp-block-media-text__media\"><img loading=\"lazy\" decoding=\"async\" width=\"768\" height=\"1024\" src=\"https:\/\/feuerwehr-edenbergen.de\/wp-content\/uploads\/2025\/08\/Maibaum-Feuerwehr-Edenbergen-768x1024.jpg\" alt=\"Maibaum Feuerwehr Edenbergen\" class=\"wp-image-321 size-full\" srcset=\"https:\/\/feuerwehr-edenbergen.de\/wp-content\/uploads\/2025\/08\/Maibaum-Feuerwehr-Edenbergen-768x1024.jpg 768w, https:\/\/feuerwehr-edenbergen.de\/wp-content\/uploads\/2025\/08\/Maibaum-Feuerwehr-Edenbergen-225x300.jpg 225w, https:\/\/feuerwehr-edenbergen.de\/wp-content\/uploads\/2025\/08\/Maibaum-Feuerwehr-Edenbergen-1152x1536.jpg 1152w, https:\/\/feuerwehr-edenbergen.de\/wp-content\/uploads\/2025\/08\/Maibaum-Feuerwehr-Edenbergen.jpg 1500w\" sizes=\"auto, (max-width: 768px) 100vw, 768px\" \/><\/figure><div class=\"wp-block-media-text__content\">\n<p class=\"has-xx-large-font-size\" style=\"padding-top:0;padding-bottom:0\"><strong>Die Maibaumfeier<\/strong><\/p>\n\n\n\n<p style=\"padding-top:0;padding-bottom:0\">Jedes Jahr am 30. April wird bei uns der Maibaum aufgestellt. Ein Ereignis, das das ganze Dorf zusammenbringt. Schon einige Tage vorher wird der Baum geschnitzt und mit bunten B\u00e4ndern geschm\u00fcckt. Am Nachmittag des 30. April ist es dann so weit: Der Maibaum wird aufgerichtet. &nbsp;Am Abend genie\u00dfen die Kinder die Freinacht, w\u00e4hrend die Erwachsenen bei Essen, Getr\u00e4nken und einem gem\u00fctlichen Lagerfeuer beisammensitzen. Es ist ein Fest f\u00fcr alle Generationen.<\/p>\n<\/div><\/div>\n\n\n\n<div style=\"height:50px\" aria-hidden=\"true\" class=\"wp-block-spacer\"><\/div>\n\n\n\n<div class=\"wp-block-media-text has-media-on-the-right is-stacked-on-mobile has-accent-6-background-color has-background\" style=\"grid-template-columns:auto 42%\"><div class=\"wp-block-media-text__content\">\n<p class=\"has-xx-large-font-size\"><strong><strong>Das Sommerfest<\/strong><\/strong><\/p>\n\n\n\n<p>Unser Sommerfest beginnt am sp\u00e4ten Nachmittag mit leckerem Essen und k\u00fchlen Getr\u00e4nken. Wir sitzen in geselliger Runde zusammen, lachen, reden und genie\u00dfen die warme Jahreszeit. Wenn es dunkel wird, \u00f6ffnet die Bar \u2013 begleitet von guter Musik und ausgelassener Stimmung. Es ist ein Abend, an dem man einfach gerne im Dorf bleibt.<\/p>\n<\/div><figure class=\"wp-block-media-text__media\"><img loading=\"lazy\" decoding=\"async\" width=\"1024\" height=\"917\" src=\"https:\/\/feuerwehr-edenbergen.de\/wp-content\/uploads\/2025\/08\/IMG-20250629-WA0013-scaled-e1755786042625-1024x917.jpg\" alt=\"Sommerfest Freiwillige Feuerwehr Edenbergen\" class=\"wp-image-389 size-full\" srcset=\"https:\/\/feuerwehr-edenbergen.de\/wp-content\/uploads\/2025\/08\/IMG-20250629-WA0013-scaled-e1755786042625-1024x917.jpg 1024w, https:\/\/feuerwehr-edenbergen.de\/wp-content\/uploads\/2025\/08\/IMG-20250629-WA0013-scaled-e1755786042625-300x269.jpg 300w, https:\/\/feuerwehr-edenbergen.de\/wp-content\/uploads\/2025\/08\/IMG-20250629-WA0013-scaled-e1755786042625-768x688.jpg 768w, https:\/\/feuerwehr-edenbergen.de\/wp-content\/uploads\/2025\/08\/IMG-20250629-WA0013-scaled-e1755786042625-1536x1376.jpg 1536w, https:\/\/feuerwehr-edenbergen.de\/wp-content\/uploads\/2025\/08\/IMG-20250629-WA0013-scaled-e1755786042625.jpg 1920w\" sizes=\"auto, (max-width: 1024px) 100vw, 1024px\" \/><\/figure><\/div>\n\n\n\n<div style=\"height:50px\" aria-hidden=\"true\" class=\"wp-block-spacer\"><\/div>\n\n\n\n<div class=\"wp-block-media-text is-stacked-on-mobile has-accent-6-background-color has-background\" style=\"grid-template-columns:25% auto\"><figure class=\"wp-block-media-text__media\"><img loading=\"lazy\" decoding=\"async\" width=\"768\" height=\"1024\" src=\"https:\/\/feuerwehr-edenbergen.de\/wp-content\/uploads\/2025\/08\/20241207_184957-768x1024.jpg\" alt=\"Dorfweihnacht Freiwillige Feuerwehr Edenbergen\" class=\"wp-image-388 size-full\" srcset=\"https:\/\/feuerwehr-edenbergen.de\/wp-content\/uploads\/2025\/08\/20241207_184957-768x1024.jpg 768w, https:\/\/feuerwehr-edenbergen.de\/wp-content\/uploads\/2025\/08\/20241207_184957-225x300.jpg 225w, https:\/\/feuerwehr-edenbergen.de\/wp-content\/uploads\/2025\/08\/20241207_184957-1152x1536.jpg 1152w, https:\/\/feuerwehr-edenbergen.de\/wp-content\/uploads\/2025\/08\/20241207_184957-1536x2048.jpg 1536w, https:\/\/feuerwehr-edenbergen.de\/wp-content\/uploads\/2025\/08\/20241207_184957-scaled.jpg 1920w\" sizes=\"auto, (max-width: 768px) 100vw, 768px\" \/><\/figure><div class=\"wp-block-media-text__content\">\n<p class=\"has-xx-large-font-size\"><strong><strong>Die Dorfweihnacht<\/strong><\/strong><\/p>\n\n\n\n<p>Wenn der Winter kommt, wird es bei uns besonders stimmungsvoll. Unsere Dorfweihnacht bringt alle zusammen \u2013 bei Gl\u00fchwein, Punsch, Leckereien und festlicher Atmosph\u00e4re. Gro\u00df und Klein stehen gemeinsam beisammen, und f\u00fcr die Kinder kommt sogar der Nikolaus vorbei.<\/p>\n<\/div><\/div>\n<\/div><\/div>\n\n\n\n<p><\/p>\n","protected":false},"excerpt":{"rendered":"","protected":false},"author":4,"featured_media":0,"parent":0,"menu_order":0,"comment_status":"closed","ping_status":"closed","template":"","meta":{"footnotes":""},"class_list":["post-515","page","type-page","status-publish","hentry"],"jetpack_sharing_enabled":true,"_links":{"self":[{"href":"https:\/\/feuerwehr-edenbergen.de\/index.php\/wp-json\/wp\/v2\/pages\/515","targetHints":{"allow":["GET"]}}],"collection":[{"href":"https:\/\/feuerwehr-edenbergen.de\/index.php\/wp-json\/wp\/v2\/pages"}],"about":[{"href":"https:\/\/feuerwehr-edenbergen.de\/index.php\/wp-json\/wp\/v2\/types\/page"}],"author":[{"embeddable":true,"href":"https:\/\/feuerwehr-edenbergen.de\/index.php\/wp-json\/wp\/v2\/users\/4"}],"replies":[{"embeddable":true,"href":"https:\/\/feuerwehr-edenbergen.de\/index.php\/wp-json\/wp\/v2\/comments?post=515"}],"version-history":[{"count":12,"href":"https:\/\/feuerwehr-edenbergen.de\/index.php\/wp-json\/wp\/v2\/pages\/515\/revisions"}],"predecessor-version":[{"id":843,"href":"https:\/\/feuerwehr-edenbergen.de\/index.php\/wp-json\/wp\/v2\/pages\/515\/revisions\/843"}],"wp:attachment":[{"href":"https:\/\/feuerwehr-edenbergen.de\/index.php\/wp-json\/wp\/v2\/media?parent=515"}],"curies":[{"name":"wp","href":"https:\/\/api.w.org\/{rel}","templated":true}]}}