{"id":517,"date":"2025-09-16T21:14:22","date_gmt":"2025-09-16T19:14:22","guid":{"rendered":"https:\/\/feuerwehr-edenbergen.de\/?page_id=517"},"modified":"2025-09-23T17:33:15","modified_gmt":"2025-09-23T15:33:15","slug":"chronik","status":"publish","type":"page","link":"https:\/\/feuerwehr-edenbergen.de\/index.php\/chronik\/","title":{"rendered":"Dorf-Chronik"},"content":{"rendered":"\n<p><\/p>\n\n\n\n<div class=\"wp-block-cover alignfull has-parallax wp-duotone-1c2d4e-abaaaa-1\" style=\"margin-top:0;margin-bottom:0;padding-top:6vw;padding-right:5vw;padding-bottom:6vw;padding-left:5vw;min-height:1227px;aspect-ratio:unset;\"><div role=\"img\" aria-label=\"Sommerfest Freiwillige Feuerwehr Edenbergen\" class=\"wp-block-cover__image-background wp-image-389 size-large has-parallax\" style=\"background-position:50% 50%;background-image:url(https:\/\/feuerwehr-edenbergen.de\/wp-content\/uploads\/2025\/08\/IMG-20250629-WA0013-scaled-e1755786042625-1024x917.jpg)\"><\/div><span aria-hidden=\"true\" class=\"wp-block-cover__background has-background-dim-70 has-background-dim\" style=\"background-color:#1c2d4e\"><\/span><div class=\"wp-block-cover__inner-container is-layout-flow wp-container-core-cover-is-layout-15841b1f wp-block-cover-is-layout-flow\">\n<h2 class=\"wp-block-heading\"><strong>Einwohneranzahl: 323 (Stand: 1. Jan. 2024)<\/strong><\/h2>\n\n\n\n<div style=\"height:25px\" aria-hidden=\"true\" class=\"wp-block-spacer\"><\/div>\n\n\n\n<h2 class=\"wp-block-heading\"><strong>Fl\u00e4che: 4,41 km\u00b2<\/strong><\/h2>\n\n\n\n<div style=\"height:25px\" aria-hidden=\"true\" class=\"wp-block-spacer\"><\/div>\n\n\n\n<h2 class=\"wp-block-heading has-x-large-font-size\"><strong>Gemarkung: Edenbergen sowie der Weiler Gailenbach und die Gailenbacher M\u00fchle<\/strong><\/h2>\n\n\n\n<div style=\"height:75px\" aria-hidden=\"true\" class=\"wp-block-spacer\"><\/div>\n\n\n\n<ul class=\"wp-block-list has-base-color has-text-color has-link-color wp-elements-b0aa071d94dfe9e56682d9b62e5e2a30\">\n<li class=\"has-base-color has-text-color has-link-color wp-elements-0d046b838049d16cf29d2ba46b4e80c0\" style=\"margin-top:var(--wp--preset--spacing--20);margin-right:var(--wp--preset--spacing--80);margin-bottom:var(--wp--preset--spacing--20);margin-left:var(--wp--preset--spacing--80)\"><strong>1978<\/strong>: Anschluss an die Stadt Gersthofen<\/li>\n\n\n\n<li class=\"has-base-color has-text-color has-link-color wp-elements-c1828566e705ea7e16d35a836b8b2caa\" style=\"margin-top:var(--wp--preset--spacing--20);margin-right:var(--wp--preset--spacing--80);margin-bottom:var(--wp--preset--spacing--20);margin-left:var(--wp--preset--spacing--80)\"><strong>1966<\/strong>: Abzug des Revierforstamts nach \u00fcber 100 Jahren Pr\u00e4senz<\/li>\n\n\n\n<li class=\"has-base-color has-text-color has-link-color wp-elements-4bcb9d13e2c340f9c40181e4af510b32\" style=\"margin-top:var(--wp--preset--spacing--20);margin-right:var(--wp--preset--spacing--80);margin-bottom:var(--wp--preset--spacing--20);margin-left:var(--wp--preset--spacing--80)\"><strong>1945<\/strong>: kampflose \u00dcbergabe an die US-amerikanische Armee. Bewohner wurden auf einem Feld versammelt und verharren, ehe sie in ihre H\u00e4user zur\u00fcckkehren durften, die bis dahin durchsucht worden waren<\/li>\n\n\n\n<li class=\"has-base-color has-text-color has-link-color wp-elements-3e0244002219b696b9476c216188c378\" style=\"margin-top:var(--wp--preset--spacing--20);margin-right:var(--wp--preset--spacing--80);margin-bottom:var(--wp--preset--spacing--20);margin-left:var(--wp--preset--spacing--80)\">1921: Errichtung eines Kriegerdenkmals f\u00fcr die 7 Gefallenen des Ersten Weltkriegs; 8 weitere Namen werden nach dem Zweiten Weltkrieg erg\u00e4nzt<\/li>\n\n\n\n<li class=\"has-base-color has-text-color has-link-color wp-elements-195d139a8e3b1fff55095125e2ef145d\" style=\"margin-top:var(--wp--preset--spacing--20);margin-right:var(--wp--preset--spacing--80);margin-bottom:var(--wp--preset--spacing--20);margin-left:var(--wp--preset--spacing--80)\">1920: Elektrifizierung, Kanalisation, Stra\u00dfenausbau und Flurbereinigung<\/li>\n\n\n\n<li class=\"has-base-color has-text-color has-link-color wp-elements-d2c21beeef3ff837607e538df8931d72\" style=\"margin-top:var(--wp--preset--spacing--20);margin-right:var(--wp--preset--spacing--80);margin-bottom:var(--wp--preset--spacing--20);margin-left:var(--wp--preset--spacing--80)\">1911: Einrichtung einer zentralen Wasserversorgung am Loderberg<\/li>\n\n\n\n<li class=\"has-base-color has-text-color has-link-color wp-elements-dca635d433db27c42ce92d05707fb365\" style=\"margin-top:var(--wp--preset--spacing--20);margin-right:var(--wp--preset--spacing--80);margin-bottom:var(--wp--preset--spacing--20);margin-left:var(--wp--preset--spacing--80)\">1834: 3 Bauernh\u00f6fe, 20 S\u00f6ldhofst\u00e4tten, 5 Leerh\u00e4user; ca. 170 Einwohner<\/li>\n\n\n\n<li class=\"has-base-color has-text-color has-link-color wp-elements-dade7aae74885a2d99d087da7ed8620f\" style=\"margin-top:var(--wp--preset--spacing--20);margin-right:var(--wp--preset--spacing--80);margin-bottom:var(--wp--preset--spacing--20);margin-left:var(--wp--preset--spacing--80)\">ca. 1800: Einf\u00fchrung des Edenberger Wappens<\/li>\n\n\n\n<li class=\"has-base-color has-text-color has-link-color wp-elements-373f7ec8c70c0af234dc2996188751bf\" style=\"margin-top:var(--wp--preset--spacing--20);margin-right:var(--wp--preset--spacing--80);margin-bottom:var(--wp--preset--spacing--20);margin-left:var(--wp--preset--spacing--80)\">1738: Das Dorf besteht aus 25 H\u00e4usern und einer S\u00f6ldhofstatt<\/li>\n\n\n\n<li class=\"has-base-color has-text-color has-link-color wp-elements-66374a81664756ee0a30e45edb953065\" style=\"margin-top:var(--wp--preset--spacing--20);margin-right:var(--wp--preset--spacing--80);margin-bottom:var(--wp--preset--spacing--20);margin-left:var(--wp--preset--spacing--80)\">1475: Der Ortsname \u201eEdenbergen\u201c ist erstmals in heutiger Form dokumentiert<\/li>\n\n\n\n<li class=\"has-base-color has-text-color has-link-color wp-elements-26df3fb91a2caba536ffc0d84988d03a\" style=\"margin-top:var(--wp--preset--spacing--20);margin-right:var(--wp--preset--spacing--80);margin-bottom:var(--wp--preset--spacing--20);margin-left:var(--wp--preset--spacing--80)\">1405: Ortsname &#8222;Oedenberg in Patzenhouer pfarr&#8220;<\/li>\n\n\n\n<li class=\"has-base-color has-text-color has-link-color wp-elements-79105b199e12a617e48167dc88dcc1c5\" style=\"margin-top:var(--wp--preset--spacing--20);margin-right:var(--wp--preset--spacing--80);margin-bottom:var(--wp--preset--spacing--20);margin-left:var(--wp--preset--spacing--80)\">1382: Ein Leibdingbrief belegt Besitz des Damenstifts St. Stephan in Edenbergen<\/li>\n\n\n\n<li class=\"has-base-color has-text-color has-link-color wp-elements-63718b695af83b8d5cb5312ca262c325\" style=\"margin-top:var(--wp--preset--spacing--20);margin-right:var(--wp--preset--spacing--80);margin-bottom:var(--wp--preset--spacing--20);margin-left:var(--wp--preset--spacing--80)\">1283: Gailenbach wird das erste Mal urkundlich erw\u00e4hnt (1296 unter dem Namen &#8222;Gamlunbach&#8220;)<\/li>\n\n\n\n<li class=\"has-base-color has-text-color has-link-color wp-elements-3b9155d2258e3af22cf2a09118861197\" style=\"margin-top:var(--wp--preset--spacing--20);margin-right:var(--wp--preset--spacing--80);margin-bottom:var(--wp--preset--spacing--20);margin-left:var(--wp--preset--spacing--80)\">1126 &amp; 1179: Erste urkundliche Erw\u00e4hnungen in Dokumenten des Klosters St. Ulrich in Augsburg<\/li>\n\n\n\n<li class=\"has-base-color has-text-color has-link-color wp-elements-01b77fe3d1693e01ba50b3c754d4c2c0\" style=\"margin-top:var(--wp--preset--spacing--20);margin-right:var(--wp--preset--spacing--80);margin-bottom:var(--wp--preset--spacing--20);margin-left:var(--wp--preset--spacing--80)\">11. Jahrhundert: vermutliche Gr\u00fcndung von Edenbergen durch Rodung des \u00d6dlands zwischen B\u00f6gle- und Gailenbach<\/li>\n<\/ul>\n<\/div><\/div>\n","protected":false},"excerpt":{"rendered":"","protected":false},"author":4,"featured_media":0,"parent":0,"menu_order":0,"comment_status":"closed","ping_status":"closed","template":"","meta":{"footnotes":""},"class_list":["post-517","page","type-page","status-publish","hentry"],"jetpack_sharing_enabled":true,"_links":{"self":[{"href":"https:\/\/feuerwehr-edenbergen.de\/index.php\/wp-json\/wp\/v2\/pages\/517","targetHints":{"allow":["GET"]}}],"collection":[{"href":"https:\/\/feuerwehr-edenbergen.de\/index.php\/wp-json\/wp\/v2\/pages"}],"about":[{"href":"https:\/\/feuerwehr-edenbergen.de\/index.php\/wp-json\/wp\/v2\/types\/page"}],"author":[{"embeddable":true,"href":"https:\/\/feuerwehr-edenbergen.de\/index.php\/wp-json\/wp\/v2\/users\/4"}],"replies":[{"embeddable":true,"href":"https:\/\/feuerwehr-edenbergen.de\/index.php\/wp-json\/wp\/v2\/comments?post=517"}],"version-history":[{"count":15,"href":"https:\/\/feuerwehr-edenbergen.de\/index.php\/wp-json\/wp\/v2\/pages\/517\/revisions"}],"predecessor-version":[{"id":844,"href":"https:\/\/feuerwehr-edenbergen.de\/index.php\/wp-json\/wp\/v2\/pages\/517\/revisions\/844"}],"wp:attachment":[{"href":"https:\/\/feuerwehr-edenbergen.de\/index.php\/wp-json\/wp\/v2\/media?parent=517"}],"curies":[{"name":"wp","href":"https:\/\/api.w.org\/{rel}","templated":true}]}}