{"id":519,"date":"2025-09-16T21:14:44","date_gmt":"2025-09-16T19:14:44","guid":{"rendered":"https:\/\/feuerwehr-edenbergen.de\/?page_id=519"},"modified":"2025-09-23T16:24:12","modified_gmt":"2025-09-23T14:24:12","slug":"jahresbericht-aktive-wehr","status":"publish","type":"page","link":"https:\/\/feuerwehr-edenbergen.de\/index.php\/jahresbericht-aktive-wehr\/","title":{"rendered":"Jahresbericht Aktive Wehr"},"content":{"rendered":"\n<div class=\"wp-block-cover alignfull has-parallax wp-duotone-1c2d4e-abaaaa-1\" style=\"margin-top:0;padding-top:5vw;padding-right:5vw;padding-bottom:5vw;padding-left:5vw\"><div role=\"img\" aria-label=\"Feuerwehrauto Freiwillige Feuerwehr Edenbergen\" class=\"wp-block-cover__image-background wp-image-423 size-large has-parallax\" style=\"background-position:50% 50%;background-image:url(https:\/\/feuerwehr-edenbergen.de\/wp-content\/uploads\/2025\/09\/20250909_191630-577x1024.jpg)\"><\/div><span aria-hidden=\"true\" class=\"wp-block-cover__background has-background-dim-70 has-background-dim\" style=\"background-color:#1c2d4e\"><\/span><div class=\"wp-block-cover__inner-container is-layout-flow wp-block-cover-is-layout-flow\">\n<h2 class=\"wp-block-heading has-xx-large-font-size\"><strong>Jahresbericht 2024<\/strong><\/h2>\n\n\n\n<div style=\"height:48px\" aria-hidden=\"true\" class=\"wp-block-spacer\"><\/div>\n\n\n\n<p class=\"has-x-large-font-size\">Mitgliederstand:<\/p>\n\n\n\n<ul class=\"wp-block-list has-x-large-font-size\">\n<li class=\"has-medium-font-size\">48 Aktive (14 Damen, 34 Herren, inkl. 6 Jugendliche)<\/li>\n\n\n\n<li class=\"has-medium-font-size\">2 Neuzug\u00e4nge: Viktoria Ochs, Sophia Moser<\/li>\n\n\n\n<li class=\"has-medium-font-size\">6 Abg\u00e4nge (2 altersbedingt, 2 auf eigenen Wunsch, 2 wegen Inaktivit\u00e4t)<\/li>\n<\/ul>\n\n\n\n<div style=\"height:50px\" aria-hidden=\"true\" class=\"wp-block-spacer\"><\/div>\n\n\n\n<p class=\"has-x-large-font-size\"><sup><strong>Eins\u00e4tze (2024: Rekord mit 27 Eins\u00e4tzen)<\/strong><\/sup><\/p>\n\n\n\n<ul class=\"wp-block-list\">\n<li class=\"has-medium-font-size\">1 Brand<\/li>\n\n\n\n<li class=\"has-medium-font-size\">3 Kleintierrettungen<\/li>\n\n\n\n<li class=\"has-medium-font-size\">19 Hochwassereins\u00e4tze (Juni)<\/li>\n\n\n\n<li class=\"has-medium-font-size\">1 Technische Hilfeleistung<\/li>\n\n\n\n<li class=\"has-medium-font-size\">3 Sicherheitswachen<\/li>\n<\/ul>\n\n\n\n<div style=\"height:50px\" aria-hidden=\"true\" class=\"wp-block-spacer\"><\/div>\n\n\n\n<p class=\"has-x-large-font-size\">\u00dcbung &amp; Ausbildung<\/p>\n\n\n\n<ul class=\"wp-block-list has-medium-font-size\">\n<li>26 \u00dcbungen (Erwachsene), 9 bei der Jugend<\/li>\n\n\n\n<li>Fokus: Grundausbildung \/ Truppmann<\/li>\n\n\n\n<li>Funk\u00fcbung f\u00fcr KBM-Bereich erfolgreich trotz Ausweichquartier<\/li>\n<\/ul>\n\n\n\n<div style=\"height:50px\" aria-hidden=\"true\" class=\"wp-block-spacer\"><\/div>\n\n\n\n<p class=\"has-x-large-font-size\">Ehrungen<\/p>\n\n\n\n<ul class=\"wp-block-list has-medium-font-size\">\n<li>10 Jahre: Lutz Karla, Reinl Annika<\/li>\n\n\n\n<li>20 Jahre: Durz Klaus jun., Ritter-Gruber Maximilian<\/li>\n\n\n\n<li>25 Jahre: Jahreis Andrea<\/li>\n\n\n\n<li>50 Jahre: Otto K\u00f6nig<\/li>\n<\/ul>\n\n\n\n<div style=\"height:50px\" aria-hidden=\"true\" class=\"wp-block-spacer\"><\/div>\n\n\n\n<p class=\"has-x-large-font-size\">Atemschutz abgemeldet<\/p>\n\n\n\n<ul class=\"wp-block-list has-medium-font-size\">\n<li>wegen fehlender Tauglichkeiten und \u00dcbungsnachweise<\/li>\n<\/ul>\n\n\n\n<div style=\"height:50px\" aria-hidden=\"true\" class=\"wp-block-spacer\"><\/div>\n\n\n\n<p class=\"has-x-large-font-size\">Neubau Feuerwehrhaus<\/p>\n\n\n\n<ul class=\"wp-block-list\">\n<li class=\"has-medium-font-size\">Baufortschritt sichtbar (Bodenplatte, W\u00e4nde, Decken)<\/li>\n\n\n\n<li class=\"has-medium-font-size\">Geplant: Schulungsr\u00e4ume, Umkleide, B\u00fcro, K\u00fcche, St\u00fcble, Glockenturm<\/li>\n\n\n\n<li class=\"has-medium-font-size\">Beteiligung von Vereinsmitgliedern am Bau<\/li>\n<\/ul>\n\n\n\n<div style=\"height:50px\" aria-hidden=\"true\" class=\"wp-block-spacer\"><\/div>\n\n\n\n<p class=\"has-x-large-font-size\">Danksagungen<\/p>\n\n\n\n<ul class=\"wp-block-list has-medium-font-size\">\n<li>An Stellvertretung, Ausbilder, Jugendwarte, Ger\u00e4tewart, Feuerwehr Gersthofen, Stadt Gersthofen, Vereinsvorstand, Familien<\/li>\n<\/ul>\n\n\n\n<div style=\"height:50px\" aria-hidden=\"true\" class=\"wp-block-spacer\"><\/div>\n\n\n\n<p class=\"has-x-large-font-size\">Ausblick<\/p>\n\n\n\n<ul class=\"wp-block-list\">\n<li class=\"has-medium-font-size\">\u00dcbungsbetrieb &amp; Grundausbildung wie gehabt<\/li>\n\n\n\n<li class=\"has-medium-font-size\">Ausbildungen: Feuerwehrsanit\u00e4ter, Atemschutz, Maschinisten<\/li>\n\n\n\n<li class=\"has-medium-font-size\">Inspektions\u00fcbung im Mai<\/li>\n\n\n\n<li class=\"has-medium-font-size\">Fahrzeugkonzept in Planung<\/li>\n\n\n\n<li class=\"has-medium-font-size\">Teilnahme an Festen (Leitershofen, Langweid, T\u00e4fertingen, Batzenhofen)<\/li>\n\n\n\n<li class=\"has-medium-font-size\">Vorbereitung: Feuerwehrfest &amp; Umzug ins neue Haus<\/li>\n<\/ul>\n<\/div><\/div>\n\n\n\n<p><\/p>\n","protected":false},"excerpt":{"rendered":"","protected":false},"author":4,"featured_media":0,"parent":0,"menu_order":0,"comment_status":"closed","ping_status":"closed","template":"","meta":{"footnotes":""},"class_list":["post-519","page","type-page","status-publish","hentry"],"jetpack_sharing_enabled":true,"_links":{"self":[{"href":"https:\/\/feuerwehr-edenbergen.de\/index.php\/wp-json\/wp\/v2\/pages\/519","targetHints":{"allow":["GET"]}}],"collection":[{"href":"https:\/\/feuerwehr-edenbergen.de\/index.php\/wp-json\/wp\/v2\/pages"}],"about":[{"href":"https:\/\/feuerwehr-edenbergen.de\/index.php\/wp-json\/wp\/v2\/types\/page"}],"author":[{"embeddable":true,"href":"https:\/\/feuerwehr-edenbergen.de\/index.php\/wp-json\/wp\/v2\/users\/4"}],"replies":[{"embeddable":true,"href":"https:\/\/feuerwehr-edenbergen.de\/index.php\/wp-json\/wp\/v2\/comments?post=519"}],"version-history":[{"count":6,"href":"https:\/\/feuerwehr-edenbergen.de\/index.php\/wp-json\/wp\/v2\/pages\/519\/revisions"}],"predecessor-version":[{"id":830,"href":"https:\/\/feuerwehr-edenbergen.de\/index.php\/wp-json\/wp\/v2\/pages\/519\/revisions\/830"}],"wp:attachment":[{"href":"https:\/\/feuerwehr-edenbergen.de\/index.php\/wp-json\/wp\/v2\/media?parent=519"}],"curies":[{"name":"wp","href":"https:\/\/api.w.org\/{rel}","templated":true}]}}