{"id":521,"date":"2025-09-16T21:15:18","date_gmt":"2025-09-16T19:15:18","guid":{"rendered":"https:\/\/feuerwehr-edenbergen.de\/?page_id=521"},"modified":"2025-09-23T17:11:03","modified_gmt":"2025-09-23T15:11:03","slug":"fahrzeug","status":"publish","type":"page","link":"https:\/\/feuerwehr-edenbergen.de\/index.php\/fahrzeug\/","title":{"rendered":"Fahrzeug"},"content":{"rendered":"\n<div style=\"height:0px\" aria-hidden=\"true\" class=\"wp-block-spacer\"><\/div>\n\n\n\n<div class=\"wp-block-cover alignfull has-parallax wp-duotone-1c2d4e-abaaaa-1\" style=\"margin-top:0;padding-top:5vw;padding-right:5vw;padding-bottom:5vw;padding-left:5vw;min-height:1179px;aspect-ratio:unset;\"><div role=\"img\" aria-label=\"Feuerwehrauto Freiwillige Feuerwehr Edenbergen\" class=\"wp-block-cover__image-background wp-image-424 size-large has-parallax\" style=\"background-position:50% 50%;background-image:url(https:\/\/feuerwehr-edenbergen.de\/wp-content\/uploads\/2025\/09\/20250909_191615-1024x577.jpg)\"><\/div><span aria-hidden=\"true\" class=\"wp-block-cover__background has-background-dim-70 has-background-dim\" style=\"background-color:#1c2d4e\"><\/span><div class=\"wp-block-cover__inner-container is-layout-flow wp-block-cover-is-layout-flow\">\n<div class=\"wp-block-group alignfull has-global-padding is-layout-constrained wp-container-core-group-is-layout-ebee8dc1 wp-block-group-is-layout-constrained\" style=\"margin-top:0;margin-bottom:0;padding-top:var(--wp--preset--spacing--50);padding-bottom:var(--wp--preset--spacing--50)\">\n<div class=\"wp-block-columns alignwide is-layout-flex wp-container-core-columns-is-layout-28f84493 wp-block-columns-is-layout-flex\">\n<div class=\"wp-block-column is-layout-flow wp-block-column-is-layout-flow\">\n<figure class=\"wp-block-image size-full\" style=\"margin-bottom:24px\"><img loading=\"lazy\" decoding=\"async\" width=\"2560\" height=\"1737\" src=\"https:\/\/feuerwehr-edenbergen.de\/wp-content\/uploads\/2025\/09\/20250909_191731-scaled.jpg\" alt=\"Feuerwehrauto Freiwillige Feuerwehr Edenbergen\" class=\"wp-image-420\" style=\"aspect-ratio:4\/3;object-fit:cover\" srcset=\"https:\/\/feuerwehr-edenbergen.de\/wp-content\/uploads\/2025\/09\/20250909_191731-scaled.jpg 2560w, https:\/\/feuerwehr-edenbergen.de\/wp-content\/uploads\/2025\/09\/20250909_191731-300x204.jpg 300w, https:\/\/feuerwehr-edenbergen.de\/wp-content\/uploads\/2025\/09\/20250909_191731-1024x695.jpg 1024w, https:\/\/feuerwehr-edenbergen.de\/wp-content\/uploads\/2025\/09\/20250909_191731-768x521.jpg 768w, https:\/\/feuerwehr-edenbergen.de\/wp-content\/uploads\/2025\/09\/20250909_191731-1536x1042.jpg 1536w, https:\/\/feuerwehr-edenbergen.de\/wp-content\/uploads\/2025\/09\/20250909_191731-2048x1390.jpg 2048w\" sizes=\"auto, (max-width: 2560px) 100vw, 2560px\" \/><\/figure>\n\n\n\n<h3 class=\"wp-block-heading has-x-large-font-size\"><mark style=\"background-color:rgba(0, 0, 0, 0)\" class=\"has-inline-color has-base-color\"><strong>Allgemeines<\/strong><\/mark><\/h3>\n\n\n\n<div style=\"height:5px\" aria-hidden=\"true\" class=\"wp-block-spacer\"><\/div>\n\n\n\n<ul class=\"wp-block-list is-style-default has-large-font-size\">\n<li class=\"has-medium-font-size\">LF8\/6<\/li>\n\n\n\n<li class=\"has-medium-font-size\">Fahrzeug: MAN 8.163<\/li>\n\n\n\n<li class=\"has-medium-font-size\">Aufbau: Metz<\/li>\n\n\n\n<li class=\"has-medium-font-size\">Baujahr: 1997<\/li>\n\n\n\n<li class=\"has-medium-font-size\">Funkrufname: Florian Edenbergen 43\/1<\/li>\n\n\n\n<li class=\"has-medium-font-size\">Standort: Feuerwehrhaus Edenbergen, Forststra\u00dfe 2<\/li>\n\n\n\n<li class=\"has-medium-font-size\">Zul\u00e4ssiges Gesamtgewicht: 7,5 t<\/li>\n\n\n\n<li class=\"has-medium-font-size\">Besatzung: 1\/8 (1 Fahrer + 8 Einsatzkr\u00e4fte)<\/li>\n<\/ul>\n\n\n\n<div style=\"height:16px\" aria-hidden=\"true\" class=\"wp-block-spacer\"><\/div>\n\n\n\n<p class=\"has-x-large-font-size\"><mark style=\"background-color:rgba(0, 0, 0, 0)\" class=\"has-inline-color has-base-color\"><strong>Sondersignalanlage<\/strong><\/mark><\/p>\n\n\n\n<ul class=\"wp-block-list has-base-color has-text-color has-link-color has-medium-font-size wp-elements-2b41b1daba9d30caf0f2f706e1565584\">\n<li>RKL Bosch RKLE150<\/li>\n\n\n\n<li>Martin-Presslufth\u00f6rner<\/li>\n\n\n\n<li>Frontblitzer Hella BSX Micro<\/li>\n<\/ul>\n<\/div>\n\n\n\n<div class=\"wp-block-column is-layout-flow wp-block-column-is-layout-flow\">\n<figure class=\"wp-block-image size-full\" style=\"margin-bottom:24px\"><img loading=\"lazy\" decoding=\"async\" width=\"1441\" height=\"2560\" src=\"https:\/\/feuerwehr-edenbergen.de\/wp-content\/uploads\/2025\/09\/20250909_191630-scaled.jpg\" alt=\"Feuerwehrauto Freiwillige Feuerwehr Edenbergen\" class=\"wp-image-423\" style=\"aspect-ratio:4\/3;object-fit:cover\" srcset=\"https:\/\/feuerwehr-edenbergen.de\/wp-content\/uploads\/2025\/09\/20250909_191630-scaled.jpg 1441w, https:\/\/feuerwehr-edenbergen.de\/wp-content\/uploads\/2025\/09\/20250909_191630-169x300.jpg 169w, https:\/\/feuerwehr-edenbergen.de\/wp-content\/uploads\/2025\/09\/20250909_191630-577x1024.jpg 577w, https:\/\/feuerwehr-edenbergen.de\/wp-content\/uploads\/2025\/09\/20250909_191630-768x1364.jpg 768w, https:\/\/feuerwehr-edenbergen.de\/wp-content\/uploads\/2025\/09\/20250909_191630-865x1536.jpg 865w, https:\/\/feuerwehr-edenbergen.de\/wp-content\/uploads\/2025\/09\/20250909_191630-1153x2048.jpg 1153w\" sizes=\"auto, (max-width: 1441px) 100vw, 1441px\" \/><\/figure>\n\n\n\n<h3 class=\"wp-block-heading has-x-large-font-size\"><strong>Historie<\/strong><\/h3>\n\n\n\n<ul class=\"wp-block-list has-base-color has-text-color has-link-color has-medium-font-size wp-elements-b4a2abfa0dd6333da7d1d709ee59f0f9\">\n<li>Anschaffung 1998 als Ersatz f\u00fcr Vorg\u00e4nger (25 Jahre alt)<\/li>\n\n\n\n<li>feierliche Weihe &amp; \u00dcbergabe im Sommer 1998<\/li>\n\n\n\n<li>bew\u00e4hrt bei Hochwasser, Br\u00e4nden &amp; Sturmsch\u00e4den<\/li>\n\n\n\n<li>mehrfach um- und ausgebaut durch Ger\u00e4tewarte<\/li>\n<\/ul>\n\n\n\n<div style=\"height:16px\" aria-hidden=\"true\" class=\"wp-block-spacer\"><\/div>\n\n\n\n<p class=\"has-x-large-font-size\"><strong>Aufgaben &amp; Ausstattung<\/strong><\/p>\n\n\n\n<p>Ausr\u00fcstung f\u00fcr:<\/p>\n\n\n\n<ul class=\"wp-block-list has-medium-font-size\">\n<li> Brandbek\u00e4mpfung<\/li>\n\n\n\n<li>Atemschutz<\/li>\n\n\n\n<li>Hochwasserschutz<\/li>\n\n\n\n<li>Technische Hilfeleistung<\/li>\n\n\n\n<li>Personenrettung<\/li>\n\n\n\n<li>Verkehrsabsicherung<\/li>\n<\/ul>\n\n\n\n<ul class=\"wp-block-list has-medium-font-size\"><\/ul>\n<\/div>\n\n\n\n<div class=\"wp-block-column is-layout-flow wp-block-column-is-layout-flow\">\n<figure class=\"wp-block-image size-full\" style=\"margin-bottom:24px\"><img loading=\"lazy\" decoding=\"async\" width=\"2560\" height=\"1441\" src=\"https:\/\/feuerwehr-edenbergen.de\/wp-content\/uploads\/2025\/09\/20250909_191615-scaled.jpg\" alt=\"Feuerwehrauto Freiwillige Feuerwehr Edenbergen\" class=\"wp-image-424\" style=\"aspect-ratio:4\/3;object-fit:cover\" srcset=\"https:\/\/feuerwehr-edenbergen.de\/wp-content\/uploads\/2025\/09\/20250909_191615-scaled.jpg 2560w, https:\/\/feuerwehr-edenbergen.de\/wp-content\/uploads\/2025\/09\/20250909_191615-300x169.jpg 300w, https:\/\/feuerwehr-edenbergen.de\/wp-content\/uploads\/2025\/09\/20250909_191615-1024x577.jpg 1024w, https:\/\/feuerwehr-edenbergen.de\/wp-content\/uploads\/2025\/09\/20250909_191615-768x432.jpg 768w, https:\/\/feuerwehr-edenbergen.de\/wp-content\/uploads\/2025\/09\/20250909_191615-1536x865.jpg 1536w, https:\/\/feuerwehr-edenbergen.de\/wp-content\/uploads\/2025\/09\/20250909_191615-2048x1153.jpg 2048w\" sizes=\"auto, (max-width: 2560px) 100vw, 2560px\" \/><\/figure>\n\n\n\n<h3 class=\"wp-block-heading has-x-large-font-size\"><strong>Technische Details<\/strong><\/h3>\n\n\n\n<ul class=\"wp-block-list has-medium-font-size\">\n<li>Pumpe: FP 8\/8 (800 l\/min bei 8 bar)<\/li>\n\n\n\n<li>L\u00f6schwassertank: 600 l<\/li>\n\n\n\n<li>Beladung:\n<ul class=\"wp-block-list\">\n<li>4 Atemschutzger\u00e4te (2 im Mannschaftsraum, 2 im Ger\u00e4teraum)<\/li>\n\n\n\n<li>Tempest-Hochleistungsl\u00fcfter<\/li>\n\n\n\n<li>Schnellangriff<\/li>\n\n\n\n<li>Druckschl\u00e4uche (B-, C-, D-Norm) + Zubeh\u00f6r<\/li>\n\n\n\n<li>Saugschl\u00e4uche + Saugkorb<\/li>\n\n\n\n<li>Diesel-Stromaggregat + Zubeh\u00f6r<\/li>\n\n\n\n<li>Leitern + Zubeh\u00f6r<\/li>\n\n\n\n<li>Ger\u00e4te f\u00fcr Menschenrettung (Tragen, Erste-Hilfe, Seile)<\/li>\n\n\n\n<li>Verkehrsabsicherung (Kegel, Schilder, Warnwesten, Kellen)<\/li>\n\n\n\n<li>Technische Hilfeleistung (Motors\u00e4ge, Werkzeugkasten)<\/li>\n\n\n\n<li>Hochwasserschutz (Tauchpumpe, Zubeh\u00f6r)<\/li>\n<\/ul>\n<\/li>\n<\/ul>\n<\/div>\n<\/div>\n<\/div>\n<\/div><\/div>\n\n\n\n<p><\/p>\n","protected":false},"excerpt":{"rendered":"","protected":false},"author":4,"featured_media":0,"parent":0,"menu_order":0,"comment_status":"closed","ping_status":"closed","template":"","meta":{"footnotes":""},"class_list":["post-521","page","type-page","status-publish","hentry"],"jetpack_sharing_enabled":true,"_links":{"self":[{"href":"https:\/\/feuerwehr-edenbergen.de\/index.php\/wp-json\/wp\/v2\/pages\/521","targetHints":{"allow":["GET"]}}],"collection":[{"href":"https:\/\/feuerwehr-edenbergen.de\/index.php\/wp-json\/wp\/v2\/pages"}],"about":[{"href":"https:\/\/feuerwehr-edenbergen.de\/index.php\/wp-json\/wp\/v2\/types\/page"}],"author":[{"embeddable":true,"href":"https:\/\/feuerwehr-edenbergen.de\/index.php\/wp-json\/wp\/v2\/users\/4"}],"replies":[{"embeddable":true,"href":"https:\/\/feuerwehr-edenbergen.de\/index.php\/wp-json\/wp\/v2\/comments?post=521"}],"version-history":[{"count":10,"href":"https:\/\/feuerwehr-edenbergen.de\/index.php\/wp-json\/wp\/v2\/pages\/521\/revisions"}],"predecessor-version":[{"id":838,"href":"https:\/\/feuerwehr-edenbergen.de\/index.php\/wp-json\/wp\/v2\/pages\/521\/revisions\/838"}],"wp:attachment":[{"href":"https:\/\/feuerwehr-edenbergen.de\/index.php\/wp-json\/wp\/v2\/media?parent=521"}],"curies":[{"name":"wp","href":"https:\/\/api.w.org\/{rel}","templated":true}]}}